{"id":1107,"date":"2023-01-25T21:08:29","date_gmt":"2023-01-25T20:08:29","guid":{"rendered":"https:\/\/fortunacommunication.com\/?page_id=1107"},"modified":"2026-01-23T16:04:21","modified_gmt":"2026-01-23T15:04:21","slug":"rhetorical-coaching-and-strategic-consulting","status":"publish","type":"page","link":"https:\/\/fortunacommunication.com\/de\/rhetorical-coaching-and-strategic-consulting\/","title":{"rendered":"Rhetorische Beratung"},"content":{"rendered":"Unsere wichtigste Aufgabe ist es, unsere Kunden bei der Entwicklung ihrer individuellen persuasiven Fertigkeiten so zu unterst\u00fctzen, dass sie ihre F\u00e4higkeiten im \u00f6ffentlichen und privaten Bereich wirksam einsetzen k\u00f6nnen. Unsere\u00a0 Beratungsdienstleistungen helfen Ihnen dabei, Ihre kommunikativen Kompetenzen zu erweitern, sodass Sie Ihre strategischen Ziele effektiv und \u00fcberzeugend erreichen k\u00f6nnen.<\/p>\n<p>Unsere Beratung f\u00fcr Einzelpersonen geht von Ihren St\u00e4rken aus und nimmt Ihre Schw\u00e4chen in den Blick. Durch diagnostische Verfahren entwickeln wir davon ausgehend nicht nur gezielte Lerninhalte, sondern ein rhetorisches Profil, das zu Ihrer Pers\u00f6nlichkeit und Ihrer individuellen Situation passt. Sie werden sich in Ihrer Kommunikation sicherer f\u00fchlen, diese effektiver planen und insgesamt \u00fcberzeugender auftreten.<\/p>\n<p>In unserer Beratung f\u00fcr Organisationen trifft rhetorische Theorie auf die kommunikative Realit\u00e4t. Ganz gleich, ob Sie die Kommunikation in Ihrem Team verbessern wollen oder f\u00fcr die strategische Unternehmenskommunikation Rat ben\u00f6tigen &#8211; wir haben das Wissen und die Erfahrung, um Ihnen zu helfen, mehr zu erreichen.<\/p>\n<p>&nbsp;<\/p>\n<div class=\"su-row\">\n<div class=\"su-column su-column-size-1-2\"><div class=\"su-column-inner su-u-clearfix su-u-trim\"><div class=\"su-service\"><div class=\"su-service-title\" style=\"padding-left:36px;min-height:22px;line-height:22px\"><i class=\"sui sui-weixin\" style=\"font-size:22px;color:#9ACD32\"><\/i> Einzelcoaching<\/div><div class=\"su-service-content su-u-clearfix su-u-trim\" style=\"padding-left:36px\"><a href=\"https:\/\/fortunacommunication.com\/de\/training\/individual-coaching\/\">Read more&gt;&gt;<\/a><\/div><\/div><\/div><\/div>\n<div class=\"su-column su-column-size-1-2\"><div class=\"su-column-inner su-u-clearfix su-u-trim\"><div class=\"su-service\"><div class=\"su-service-title\" style=\"padding-left:36px;min-height:22px;line-height:22px\"><i class=\"sui sui-thumbs-o-up\" style=\"font-size:22px;color:#9ACD32\"><\/i> Team Beratung<\/div><div class=\"su-service-content su-u-clearfix su-u-trim\" style=\"padding-left:36px\"><a href=\"https:\/\/fortunacommunication.com\/de\/translation\/consulting\/\">Read more&gt;&gt;<\/a><\/div><\/div><\/div><\/div>\n<\/div>\n<p>&nbsp;","protected":false},"excerpt":{"rendered":"<p>Unsere wichtigste Aufgabe ist es, unsere Kunden bei der Entwicklung ihrer individuellen persuasiven Fertigkeiten so zu unterst\u00fctzen, dass sie ihre F\u00e4higkeiten im \u00f6ffentlichen und privaten Bereich wirksam einsetzen k\u00f6nnen. Unsere\u00a0 Beratungsdienstleistungen helfen Ihnen dabei, Ihre kommunikativen Kompetenzen zu erweitern, sodass Sie Ihre strategischen Ziele effektiv und \u00fcberzeugend erreichen k\u00f6nnen. Unsere Beratung f\u00fcr Einzelpersonen geht von [&hellip;]<\/p>\n","protected":false},"author":1,"featured_media":0,"parent":0,"menu_order":0,"comment_status":"closed","ping_status":"closed","template":"","meta":{"footnotes":""},"categories":[],"tags":[],"class_list":["post-1107","page","type-page","status-publish","hentry"],"_links":{"self":[{"href":"https:\/\/fortunacommunication.com\/de\/wp-json\/wp\/v2\/pages\/1107","targetHints":{"allow":["GET"]}}],"collection":[{"href":"https:\/\/fortunacommunication.com\/de\/wp-json\/wp\/v2\/pages"}],"about":[{"href":"https:\/\/fortunacommunication.com\/de\/wp-json\/wp\/v2\/types\/page"}],"author":[{"embeddable":true,"href":"https:\/\/fortunacommunication.com\/de\/wp-json\/wp\/v2\/users\/1"}],"replies":[{"embeddable":true,"href":"https:\/\/fortunacommunication.com\/de\/wp-json\/wp\/v2\/comments?post=1107"}],"version-history":[{"count":2,"href":"https:\/\/fortunacommunication.com\/de\/wp-json\/wp\/v2\/pages\/1107\/revisions"}],"predecessor-version":[{"id":1330,"href":"https:\/\/fortunacommunication.com\/de\/wp-json\/wp\/v2\/pages\/1107\/revisions\/1330"}],"wp:attachment":[{"href":"https:\/\/fortunacommunication.com\/de\/wp-json\/wp\/v2\/media?parent=1107"}],"wp:term":[{"taxonomy":"category","embeddable":true,"href":"https:\/\/fortunacommunication.com\/de\/wp-json\/wp\/v2\/categories?post=1107"},{"taxonomy":"post_tag","embeddable":true,"href":"https:\/\/fortunacommunication.com\/de\/wp-json\/wp\/v2\/tags?post=1107"}],"curies":[{"name":"wp","href":"https:\/\/api.w.org\/{rel}","templated":true}]}}