{"id":165,"date":"2014-11-13T23:17:26","date_gmt":"2014-11-13T22:17:26","guid":{"rendered":"http:\/\/fortunacommunication.com\/?page_id=165"},"modified":"2026-01-22T20:42:22","modified_gmt":"2026-01-22T19:42:22","slug":"individual-coaching","status":"publish","type":"page","link":"https:\/\/fortunacommunication.com\/de\/training\/individual-coaching\/","title":{"rendered":"Beratung f\u00fcr Einzelpersonen"},"content":{"rendered":"Unabh\u00e4ngig davon, ob Sie sich auf ein Bewerbungsgespr\u00e4ch, einen Vortrag, eine Gehaltsverhandlung, oder einen wichtigen Gesch\u00e4ftstermin vorbereiten m\u00f6chten \u2013 unsere Beratung hilft Ihnen, effektiv zu kommunizieren und Ihre Ziele zu erreichen.<\/p>\n<p>Zu Beginn einer jeden Beratung steht eine rhetorische Diagnostik, in der sowohl Ihre unmittelbaren Bed\u00fcrfnisse als auch Ihre langfristigen Ziele ermittelt werden. Davon ausgehend erfolgt eine ma\u00dfgeschneiderte Beratung, die Aspekte aus dem ganzen Spektrum der Rhetorik beinhalten kann. Hierzu z\u00e4hlen beispielsweise \u00f6ffentliches Reden, Gespr\u00e4chsrhetorik, Verhandlungstaktik und strategische Kommunikationsplanung. Bei Bedarf beraten wir selbstverst\u00e4ndlich auch im Bereich Wirtschaftsenglisch und Interkulturelle Kommunikation.<\/p>\n<p>Sie haben eine auf Deutsch verfasste Rede, die in englischer Sprache gehalten werden soll? Dann \u00fcbernehmen wir nicht nur die \u00dcbersetzung der Rede, sondern geben Ihnen auch Feedback zu Ihrer Argumentation, der Struktur und dem Ablauf der Rede. Fehlt es Ihnen an Ideen oder haben Sie Ihre Ideen noch nicht in Form eines konkreten Texts gebracht, k\u00f6nnen wir den Prozess gemeinsam beginnen, indem wir Ihnen helfen, Ideen und Argumente zu finden und zu formulieren. Wir fungieren gerne als Sparringspartner und sorgen daf\u00fcr, dass das Fundament Ihrer Rede &#8222;vor Baubeginn&#8220; so stabil wie m\u00f6glich ist. Liegt der fertige Text vor, fahren wir mit sprachlichen und rhetorischen \u00dcbungen fort. In einer oder mehreren Einzelsitzungen \u00fcben wir Elemente wie K\u00f6rpersprache, Aussprache, Rhythmus und Pr\u00e4senz. Wir stellen sicher, dass Ihr Auftritt sowohl das Geschriebene als auch Ihre rhetorische Absicht optimal zum Ausdruck bringt.<\/p>\n<p>Nehmen Sie jetzt\u00a0<a href=\"https:\/\/fortunacommunication.com\/contact\/\">Kontakt<\/a> mit uns auf.","protected":false},"excerpt":{"rendered":"<p>Unabh\u00e4ngig davon, ob Sie sich auf ein Bewerbungsgespr\u00e4ch, einen Vortrag, eine Gehaltsverhandlung, oder einen wichtigen Gesch\u00e4ftstermin vorbereiten m\u00f6chten \u2013 unsere Beratung hilft Ihnen, effektiv zu kommunizieren und Ihre Ziele zu erreichen. Zu Beginn einer jeden Beratung steht eine rhetorische Diagnostik, in der sowohl Ihre unmittelbaren Bed\u00fcrfnisse als auch Ihre langfristigen Ziele ermittelt werden. Davon ausgehend [&hellip;]<\/p>\n","protected":false},"author":1,"featured_media":0,"parent":51,"menu_order":3,"comment_status":"closed","ping_status":"closed","template":"","meta":{"footnotes":""},"categories":[],"tags":[],"class_list":["post-165","page","type-page","status-publish","hentry"],"_links":{"self":[{"href":"https:\/\/fortunacommunication.com\/de\/wp-json\/wp\/v2\/pages\/165","targetHints":{"allow":["GET"]}}],"collection":[{"href":"https:\/\/fortunacommunication.com\/de\/wp-json\/wp\/v2\/pages"}],"about":[{"href":"https:\/\/fortunacommunication.com\/de\/wp-json\/wp\/v2\/types\/page"}],"author":[{"embeddable":true,"href":"https:\/\/fortunacommunication.com\/de\/wp-json\/wp\/v2\/users\/1"}],"replies":[{"embeddable":true,"href":"https:\/\/fortunacommunication.com\/de\/wp-json\/wp\/v2\/comments?post=165"}],"version-history":[{"count":2,"href":"https:\/\/fortunacommunication.com\/de\/wp-json\/wp\/v2\/pages\/165\/revisions"}],"predecessor-version":[{"id":1283,"href":"https:\/\/fortunacommunication.com\/de\/wp-json\/wp\/v2\/pages\/165\/revisions\/1283"}],"up":[{"embeddable":true,"href":"https:\/\/fortunacommunication.com\/de\/wp-json\/wp\/v2\/pages\/51"}],"wp:attachment":[{"href":"https:\/\/fortunacommunication.com\/de\/wp-json\/wp\/v2\/media?parent=165"}],"wp:term":[{"taxonomy":"category","embeddable":true,"href":"https:\/\/fortunacommunication.com\/de\/wp-json\/wp\/v2\/categories?post=165"},{"taxonomy":"post_tag","embeddable":true,"href":"https:\/\/fortunacommunication.com\/de\/wp-json\/wp\/v2\/tags?post=165"}],"curies":[{"name":"wp","href":"https:\/\/api.w.org\/{rel}","templated":true}]}}