{"id":167,"date":"2014-11-13T23:24:48","date_gmt":"2014-11-13T22:24:48","guid":{"rendered":"http:\/\/fortunacommunication.com\/?page_id=167"},"modified":"2026-01-23T16:02:32","modified_gmt":"2026-01-23T15:02:32","slug":"consulting","status":"publish","type":"page","link":"https:\/\/fortunacommunication.com\/de\/rhetorical-coaching-and-strategic-consulting\/consulting\/","title":{"rendered":"Beratung f\u00fcr Teams"},"content":{"rendered":"Unsere Beratung f\u00fcr Teams und Gruppen beginnt immer mit einer Analyse der unmittelbaren Bed\u00fcrfnisse und langfristigen Ziele unserer Kunden. Ganz gleich, ob Sie eine konfliktbeladene Situation l\u00f6sen m\u00fcssen, einen neuen Prozess in Ihrer Organisation ansto\u00dfen wollen, oder die Kommunikation Ihres Teams verbessern wollen &#8211; wir bieten Ihnen fundierten Rat und wirkungsvolle Unterst\u00fctzung.<\/p>\n<p>Wir unterst\u00fctzen Sie bei der Formulierung kurz-, mittel- und langfristiger Kommunikationsziele und arbeiten mit Ihnen an deren Umsetzung. Ausgehend von Ihrer Situation entwickeln wir einen praxisnahen und konkreten Prozess, der Sie, Ihr Team und\/oder Ihre Organisation voranbringt. Das Spektrum reicht hier von der Erarbeitung oder \u00dcberarbeitung Ihres Markenimages bis hin zur Identifikation und Erarbeitung von L\u00f6sungen bei Problemen innerhalb der Team- und Organisationskommunikation. Dazu bieten wir neben ma\u00dfgeschneiderten Workshops auch Gespr\u00e4che im Team, beispielsweise in Form einer Konfliktmediation. Wir unterst\u00fctzen Sie bei jedem Schritt und helfen Ihnen, Ver\u00e4nderungen intern und extern wirksam zu kommunizieren.<\/p>\n<p>&nbsp;<\/p>\n<p>Nehmen Sie jetzt <a href=\"https:\/\/fortunacommunication.com\/contact\/\">Kontakt<\/a> mit uns auf.","protected":false},"excerpt":{"rendered":"<p>Unsere Beratung f\u00fcr Teams und Gruppen beginnt immer mit einer Analyse der unmittelbaren Bed\u00fcrfnisse und langfristigen Ziele unserer Kunden. Ganz gleich, ob Sie eine konfliktbeladene Situation l\u00f6sen m\u00fcssen, einen neuen Prozess in Ihrer Organisation ansto\u00dfen wollen, oder die Kommunikation Ihres Teams verbessern wollen &#8211; wir bieten Ihnen fundierten Rat und wirkungsvolle Unterst\u00fctzung. Wir unterst\u00fctzen Sie [&hellip;]<\/p>\n","protected":false},"author":1,"featured_media":0,"parent":1107,"menu_order":0,"comment_status":"closed","ping_status":"closed","template":"","meta":{"footnotes":""},"categories":[],"tags":[],"class_list":["post-167","page","type-page","status-publish","hentry"],"_links":{"self":[{"href":"https:\/\/fortunacommunication.com\/de\/wp-json\/wp\/v2\/pages\/167","targetHints":{"allow":["GET"]}}],"collection":[{"href":"https:\/\/fortunacommunication.com\/de\/wp-json\/wp\/v2\/pages"}],"about":[{"href":"https:\/\/fortunacommunication.com\/de\/wp-json\/wp\/v2\/types\/page"}],"author":[{"embeddable":true,"href":"https:\/\/fortunacommunication.com\/de\/wp-json\/wp\/v2\/users\/1"}],"replies":[{"embeddable":true,"href":"https:\/\/fortunacommunication.com\/de\/wp-json\/wp\/v2\/comments?post=167"}],"version-history":[{"count":2,"href":"https:\/\/fortunacommunication.com\/de\/wp-json\/wp\/v2\/pages\/167\/revisions"}],"predecessor-version":[{"id":1328,"href":"https:\/\/fortunacommunication.com\/de\/wp-json\/wp\/v2\/pages\/167\/revisions\/1328"}],"up":[{"embeddable":true,"href":"https:\/\/fortunacommunication.com\/de\/wp-json\/wp\/v2\/pages\/1107"}],"wp:attachment":[{"href":"https:\/\/fortunacommunication.com\/de\/wp-json\/wp\/v2\/media?parent=167"}],"wp:term":[{"taxonomy":"category","embeddable":true,"href":"https:\/\/fortunacommunication.com\/de\/wp-json\/wp\/v2\/categories?post=167"},{"taxonomy":"post_tag","embeddable":true,"href":"https:\/\/fortunacommunication.com\/de\/wp-json\/wp\/v2\/tags?post=167"}],"curies":[{"name":"wp","href":"https:\/\/api.w.org\/{rel}","templated":true}]}}