{"id":221,"date":"2015-04-22T17:19:15","date_gmt":"2015-04-22T16:19:15","guid":{"rendered":"http:\/\/fortunacommunication.com\/?page_id=221"},"modified":"2019-07-03T16:15:12","modified_gmt":"2019-07-03T15:15:12","slug":"imprint","status":"publish","type":"page","link":"https:\/\/fortunacommunication.com\/de\/imprint\/","title":{"rendered":"Impressum"},"content":{"rendered":"<h2><strong><span style=\"font-size: 10pt;\"> Fortuna Communication<\/span><\/strong><\/h2>\n<p><span style=\"font-size: 10pt;\">Inhaber: Dr. Alan Fortuna<br \/>\nEduard-Spranger-Str. 54<br \/>\n72076 T\u00fcbingen<\/span><\/p>\n<p><span style=\"font-size: 10pt; line-height: 1.5;\">E-Mail: info[at]fortunacommunication.com<\/span><\/p>\n<p><span style=\"font-size: 10pt;\"><strong>Umsatzsteuer-ID: <\/strong><\/span><br \/>\n<span style=\"font-size: 10pt;\">Umsatzsteuer-Identifikationsnummer nach \u00a727a Umsatzsteuergesetz:<\/span><br \/>\n<span style=\"font-size: 10pt;\">USt-ID Nr. DE297322579<\/span><\/p>\n<h2><span style=\"font-size: 10pt;\">Disclaimer \u2013 rechtliche Hinweise<\/span><\/h2>\n<p><span style=\"font-size: 10pt;\">\u00a7 1 Haftungsbeschr\u00e4nkung<\/span><\/p>\n<p><span style=\"font-size: 10pt;\"> Die Inhalte dieser Website werden mit gr\u00f6\u00dftm\u00f6glicher Sorgfalt erstellt. Der<\/span><br \/>\n<span style=\"font-size: 10pt;\"> Anbieter \u00fcbernimmt jedoch keine Gew\u00e4hr f\u00fcr die Richtigkeit, Vollst\u00e4ndigkeit<\/span><br \/>\n<span style=\"font-size: 10pt;\"> und Aktualit\u00e4t der bereitgestellten Inhalte. Die Nutzung der Inhalte der<\/span><br \/>\n<span style=\"font-size: 10pt;\"> Website erfolgt auf eigene Gefahr des Nutzers. Namentlich gekennzeichnete<\/span><br \/>\n<span style=\"font-size: 10pt;\"> Beitr\u00e4ge geben die Meinung des jeweiligen Autors und nicht immer die Meinung<\/span><br \/>\n<span style=\"font-size: 10pt;\"> des Anbieters wieder. Mit der reinen Nutzung der Website des Anbieters kommt<\/span><br \/>\n<span style=\"font-size: 10pt;\"> keinerlei Vertragsverh\u00e4ltnis zwischen dem Nutzer und dem Anbieter zustande.<\/span><\/p>\n<p><span style=\"font-size: 10pt;\">\u00a7 2 Externe Links<\/span><\/p>\n<p><span style=\"font-size: 10pt;\"> Diese Website enth\u00e4lt Verkn\u00fcpfungen zu Websites Dritter (&#8222;externe Links&#8220;).<\/span><br \/>\n<span style=\"font-size: 10pt;\"> Diese Websites unterliegen der Haftung der jeweiligen Betreiber. Der<\/span><br \/>\n<span style=\"font-size: 10pt;\"> Anbieter hat bei der erstmaligen Verkn\u00fcpfung der externen Links die fremden<\/span><br \/>\n<span style=\"font-size: 10pt;\"> Inhalte daraufhin \u00fcberpr\u00fcft, ob etwaige Rechtsverst\u00f6\u00dfe bestehen. Zu dem<\/span><br \/>\n<span style=\"font-size: 10pt;\"> Zeitpunkt waren keine Rechtsverst\u00f6\u00dfe ersichtlich. Der Anbieter hat keinerlei<\/span><br \/>\n<span style=\"font-size: 10pt;\"> Einfluss auf die aktuelle und zuk\u00fcnftige Gestaltung und auf die Inhalte der<\/span><br \/>\n<span style=\"font-size: 10pt;\"> verkn\u00fcpften Seiten. Das Setzen von externen Links bedeutet nicht, dass sich<\/span><br \/>\n<span style=\"font-size: 10pt;\"> der Anbieter die hinter dem Verweis oder Link liegenden Inhalte zu Eigen<\/span><br \/>\n<span style=\"font-size: 10pt;\"> macht. Eine st\u00e4ndige Kontrolle der externen Links ist f\u00fcr den Anbieter ohne<\/span><br \/>\n<span style=\"font-size: 10pt;\"> konkrete Hinweise auf Rechtsverst\u00f6\u00dfe nicht zumutbar. Bei Kenntnis von<\/span><br \/>\n<span style=\"font-size: 10pt;\"> Rechtsverst\u00f6\u00dfen werden jedoch derartige externe Links unverz\u00fcglich gel\u00f6scht.<\/span><\/p>\n<p><span style=\"font-size: 10pt;\">\u00a7 3 Urheber- und Leistungsschutzrechte<\/span><\/p>\n<p><span style=\"font-size: 10pt;\"> Die auf dieser Website ver\u00f6ffentlichten Inhalte unterliegen dem deutschen<\/span><br \/>\n<span style=\"font-size: 10pt;\"> Urheber- und Leistungsschutzrecht. Jede vom deutschen Urheber- und<\/span><br \/>\n<span style=\"font-size: 10pt;\"> Leistungsschutzrecht nicht zugelassene Verwertung bedarf der vorherigen<\/span><br \/>\n<span style=\"font-size: 10pt;\"> schriftlichen Zustimmung des Anbieters oder jeweiligen Rechteinhabers. Dies<\/span><br \/>\n<span style=\"font-size: 10pt;\"> gilt insbesondere f\u00fcr Vervielf\u00e4ltigung, Bearbeitung, \u00dcbersetzung,<\/span><br \/>\n<span style=\"font-size: 10pt;\"> Einspeicherung, Verarbeitung bzw. Wiedergabe von Inhalten in Datenbanken<\/span><br \/>\n<span style=\"font-size: 10pt;\"> oder anderen elektronischen Medien und Systemen. Inhalte und Rechte Dritter<\/span><br \/>\n<span style=\"font-size: 10pt;\"> sind dabei als solche gekennzeichnet. Die unerlaubte Vervielf\u00e4ltigung oder<\/span><br \/>\n<span style=\"font-size: 10pt;\"> Weitergabe einzelner Inhalte oder kompletter Seiten ist nicht gestattet und<\/span><br \/>\n<span style=\"font-size: 10pt;\"> strafbar. Lediglich die Herstellung von Kopien und Downloads f\u00fcr den<\/span><br \/>\n<span style=\"font-size: 10pt;\"> pers\u00f6nlichen, privaten und nicht kommerziellen Gebrauch ist erlaubt.<\/span><\/p>\n<p><span style=\"font-size: 10pt;\">Die Darstellung dieser Website in fremden Frames ist nur mit schriftlicher<\/span><br \/>\n<span style=\"font-size: 10pt;\"> Erlaubnis zul\u00e4ssig.<\/span><\/p>\n<p><span style=\"font-size: 10pt;\">\u00a7 4 Besondere Nutzungsbedingungen<\/span><\/p>\n<p><span style=\"font-size: 10pt;\"> Soweit besondere Bedingungen f\u00fcr einzelne Nutzungen dieser Website von den<\/span><br \/>\n<span style=\"font-size: 10pt;\"> vorgenannten Paragraphen abweichen, wird an entsprechender Stelle<\/span><br \/>\n<span style=\"font-size: 10pt;\"> ausdr\u00fccklich darauf hingewiesen. In diesem Falle gelten im jeweiligen<\/span><br \/>\n<span style=\"font-size: 10pt;\"> Einzelfall die besonderen Nutzungsbedingungen.<\/span><\/p>\n<p><span style=\"font-size: 10pt;\">Quelle: <a href=\"http:\/\/www.juraforum.de\/impressum-generator\/\" target=\"_blank\" rel=\"noopener\">Impressumsgenerator<\/a> entwickelt mit <a href=\"http:\/\/www.rechtsanwaelte-hannover.eu\/rechtsgebiete\/arbeitsrecht\/\" target=\"_blank\" rel=\"noopener\">Rechtsanwalt Arbeitsrecht Hannover<\/a><\/span>","protected":false},"excerpt":{"rendered":"<p>Fortuna Communication Inhaber: Dr. Alan Fortuna Eduard-Spranger-Str. 54 72076 T\u00fcbingen E-Mail: info[at]fortunacommunication.com Umsatzsteuer-ID: Umsatzsteuer-Identifikationsnummer nach \u00a727a Umsatzsteuergesetz: USt-ID Nr. DE297322579 Disclaimer \u2013 rechtliche Hinweise \u00a7 1 Haftungsbeschr\u00e4nkung Die Inhalte dieser Website werden mit gr\u00f6\u00dftm\u00f6glicher Sorgfalt erstellt. Der Anbieter \u00fcbernimmt jedoch keine Gew\u00e4hr f\u00fcr die Richtigkeit, Vollst\u00e4ndigkeit und Aktualit\u00e4t der bereitgestellten Inhalte. Die Nutzung der Inhalte [&hellip;]<\/p>\n","protected":false},"author":1,"featured_media":0,"parent":0,"menu_order":0,"comment_status":"closed","ping_status":"closed","template":"","meta":{"footnotes":""},"categories":[],"tags":[],"class_list":["post-221","page","type-page","status-publish","hentry"],"_links":{"self":[{"href":"https:\/\/fortunacommunication.com\/de\/wp-json\/wp\/v2\/pages\/221","targetHints":{"allow":["GET"]}}],"collection":[{"href":"https:\/\/fortunacommunication.com\/de\/wp-json\/wp\/v2\/pages"}],"about":[{"href":"https:\/\/fortunacommunication.com\/de\/wp-json\/wp\/v2\/types\/page"}],"author":[{"embeddable":true,"href":"https:\/\/fortunacommunication.com\/de\/wp-json\/wp\/v2\/users\/1"}],"replies":[{"embeddable":true,"href":"https:\/\/fortunacommunication.com\/de\/wp-json\/wp\/v2\/comments?post=221"}],"version-history":[{"count":0,"href":"https:\/\/fortunacommunication.com\/de\/wp-json\/wp\/v2\/pages\/221\/revisions"}],"wp:attachment":[{"href":"https:\/\/fortunacommunication.com\/de\/wp-json\/wp\/v2\/media?parent=221"}],"wp:term":[{"taxonomy":"category","embeddable":true,"href":"https:\/\/fortunacommunication.com\/de\/wp-json\/wp\/v2\/categories?post=221"},{"taxonomy":"post_tag","embeddable":true,"href":"https:\/\/fortunacommunication.com\/de\/wp-json\/wp\/v2\/tags?post=221"}],"curies":[{"name":"wp","href":"https:\/\/api.w.org\/{rel}","templated":true}]}}