{"id":24,"date":"2014-11-03T21:14:13","date_gmt":"2014-11-03T20:14:13","guid":{"rendered":"http:\/\/fortunacommunication.com\/?page_id=24"},"modified":"2026-01-23T15:57:46","modified_gmt":"2026-01-23T14:57:46","slug":"translation","status":"publish","type":"page","link":"https:\/\/fortunacommunication.com\/de\/translation\/","title":{"rendered":"Sprachdienstleistungen"},"content":{"rendered":"Fortuna Communication bietet Ihnen viele Dienstleistungen, um Ihr geschriebenes oder gesprochenes Wort aus dem Deutschen ins Englische zu bringen \u2013 professionell und auf h\u00f6chstem Sprachniveau. Mit unseren Text\u00fcbersetzungen, Lektoraten und Korrektoraten, sorgen wir daf\u00fcr, dass Ihre gewerblichen, akademischen oder literarischen Texte von englischen Muttersprachlern in perfektes Englisch gebracht werden.<\/p>\n<p>Fortuna Communication arbeitet ausschlie\u00dflich mit erfahrenen englischen Muttersprachlern zusammen, um die Qualit\u00e4t und Authentizit\u00e4t unserer Leistungen zu sichern.<\/p>\n<p>Erfahren Sie mehr \u00fcber unsere Sprachdienstleistungen:<\/p>\n<p>&nbsp;<\/p>\n<div class=\"su-row\"><div class=\"su-column su-column-size-1-2\"><div class=\"su-column-inner su-u-clearfix su-u-trim\"><div class=\"su-service\"><div class=\"su-service-title\" style=\"padding-left:36px;min-height:22px;line-height:22px\"><i class=\"sui sui-keyboard-o\" style=\"font-size:22px;color:#9ACD32\"><\/i> Text\u00fcbersetzung<\/div><div class=\"su-service-content su-u-clearfix su-u-trim\" style=\"padding-left:36px\"><a href=\"http:\/\/fortunacommunication.com\/?page_id=32\">Lesen Sie mehr&gt;&gt;<\/a><\/div><\/div><\/div><\/div>\n<div class=\"su-column su-column-size-1-2\"><div class=\"su-column-inner su-u-clearfix su-u-trim\"><\/div><\/div><div class=\"su-service\"><div class=\"su-service-title\" style=\"padding-left:36px;min-height:22px;line-height:22px\"><i class=\"sui sui-pencil-square-o\" style=\"font-size:22px;color:#9ACD32\"><\/i> Lektorat und Korrektorat<\/div><div class=\"su-service-content su-u-clearfix su-u-trim\" style=\"padding-left:36px\"><a href=\"http:\/\/fortunacommunication.com\/?page_id=174\">Lesen Sie mehr&gt;&gt;<\/a><\/div><\/div><\/div>\n<p>&nbsp;<\/p>\n<p>&nbsp;<\/p>\n<p>&nbsp;","protected":false},"excerpt":{"rendered":"<p>Fortuna Communication bietet Ihnen viele Dienstleistungen, um Ihr geschriebenes oder gesprochenes Wort aus dem Deutschen ins Englische zu bringen \u2013 professionell und auf h\u00f6chstem Sprachniveau. Mit unseren Text\u00fcbersetzungen, Lektoraten und Korrektoraten, sorgen wir daf\u00fcr, dass Ihre gewerblichen, akademischen oder literarischen Texte von englischen Muttersprachlern in perfektes Englisch gebracht werden. Fortuna Communication arbeitet ausschlie\u00dflich mit erfahrenen [&hellip;]<\/p>\n","protected":false},"author":1,"featured_media":0,"parent":0,"menu_order":0,"comment_status":"closed","ping_status":"closed","template":"","meta":{"footnotes":""},"categories":[],"tags":[],"class_list":["post-24","page","type-page","status-publish","hentry"],"_links":{"self":[{"href":"https:\/\/fortunacommunication.com\/de\/wp-json\/wp\/v2\/pages\/24","targetHints":{"allow":["GET"]}}],"collection":[{"href":"https:\/\/fortunacommunication.com\/de\/wp-json\/wp\/v2\/pages"}],"about":[{"href":"https:\/\/fortunacommunication.com\/de\/wp-json\/wp\/v2\/types\/page"}],"author":[{"embeddable":true,"href":"https:\/\/fortunacommunication.com\/de\/wp-json\/wp\/v2\/users\/1"}],"replies":[{"embeddable":true,"href":"https:\/\/fortunacommunication.com\/de\/wp-json\/wp\/v2\/comments?post=24"}],"version-history":[{"count":1,"href":"https:\/\/fortunacommunication.com\/de\/wp-json\/wp\/v2\/pages\/24\/revisions"}],"predecessor-version":[{"id":1322,"href":"https:\/\/fortunacommunication.com\/de\/wp-json\/wp\/v2\/pages\/24\/revisions\/1322"}],"wp:attachment":[{"href":"https:\/\/fortunacommunication.com\/de\/wp-json\/wp\/v2\/media?parent=24"}],"wp:term":[{"taxonomy":"category","embeddable":true,"href":"https:\/\/fortunacommunication.com\/de\/wp-json\/wp\/v2\/categories?post=24"},{"taxonomy":"post_tag","embeddable":true,"href":"https:\/\/fortunacommunication.com\/de\/wp-json\/wp\/v2\/tags?post=24"}],"curies":[{"name":"wp","href":"https:\/\/api.w.org\/{rel}","templated":true}]}}