{"id":268,"date":"2015-06-11T21:47:58","date_gmt":"2015-06-11T20:47:58","guid":{"rendered":"http:\/\/fortunacommunication.com\/?page_id=268"},"modified":"2023-03-07T23:30:57","modified_gmt":"2023-03-07T22:30:57","slug":"founder-and-owner","status":"publish","type":"page","link":"https:\/\/fortunacommunication.com\/de\/founder-and-owner\/","title":{"rendered":"Gr\u00fcnder und Inhaber"},"content":{"rendered":"<img loading=\"lazy\" decoding=\"async\" class=\"alignright wp-image-1078 size-medium\" src=\"https:\/\/fortunacommunication.com\/wp-content\/uploads\/2022\/11\/Alan-Profile-Pic-Summer-22-257x300.jpg\" alt=\"\" width=\"257\" height=\"300\" data-id=\"953\" srcset=\"https:\/\/fortunacommunication.com\/wp-content\/uploads\/2022\/11\/Alan-Profile-Pic-Summer-22-257x300.jpg 257w, https:\/\/fortunacommunication.com\/wp-content\/uploads\/2022\/11\/Alan-Profile-Pic-Summer-22-877x1024.jpg 877w, https:\/\/fortunacommunication.com\/wp-content\/uploads\/2022\/11\/Alan-Profile-Pic-Summer-22-768x897.jpg 768w, https:\/\/fortunacommunication.com\/wp-content\/uploads\/2022\/11\/Alan-Profile-Pic-Summer-22-1316x1536.jpg 1316w, https:\/\/fortunacommunication.com\/wp-content\/uploads\/2022\/11\/Alan-Profile-Pic-Summer-22-1754x2048.jpg 1754w\" sizes=\"auto, (max-width: 257px) 100vw, 257px\" \/>Alan Fortuna ist in Portland, Oregon U.S.A. geboren und aufgewachsen. Nach seinem Studium der Biologie (B.S.) an der Arizona State University kam er 2004 \u00fcber ein Fulbright Stipendium nach T\u00fcbingen. Von 2005 bis 2012\u00a0 studierte er Allgemeine Rhetorik und Philosophie auf Magister an der Universit\u00e4t T\u00fcbingen.<\/p>\n<p>Bereits w\u00e4hrend seines Studiums bot Alan Fortuna Seminare und Workshops in Business English und Strategischer Kommunikation an und \u00fcbersetzte Texte aus dem Deutschen ins Englische. 2005 vereinte er diese Dienstleistungen unter einem Dach \u2013 Fortuna Communication.<\/p>\n<p>Neben der F\u00fchrung von Fortuna Communication, promovierte Alan 2018 an der Universit\u00e4t T\u00fcbingen in Allgemeine Rhetorik. Seine Dissertation &#8222;Polarization: Rhetorical Strategies in the Tea Party Network&#8220; ist bei <a href=\"https:\/\/www.degruyter.com\/view\/product\/534471?rskey=J2nYFi&amp;result=2\" target=\"_blank\" rel=\"noopener\">De Gruyter<\/a> erh\u00e4ltlich. Von 2018 bis 2023 hatte Alan eine Professur f\u00fcr Wirtschaftsenglisch und betriebliche Kommunikationskompetenz an der VWA-Hochschule in Stuttgart inne.<\/p>\n<p>Ein detaillierter Lebenslauf steht auf Anfrage gerne zur Verf\u00fcgung.","protected":false},"excerpt":{"rendered":"<p>Alan Fortuna ist in Portland, Oregon U.S.A. geboren und aufgewachsen. Nach seinem Studium der Biologie (B.S.) an der Arizona State University kam er 2004 \u00fcber ein Fulbright Stipendium nach T\u00fcbingen. Von 2005 bis 2012\u00a0 studierte er Allgemeine Rhetorik und Philosophie auf Magister an der Universit\u00e4t T\u00fcbingen. Bereits w\u00e4hrend seines Studiums bot Alan Fortuna Seminare und [&hellip;]<\/p>\n","protected":false},"author":1,"featured_media":0,"parent":0,"menu_order":0,"comment_status":"closed","ping_status":"closed","template":"","meta":{"footnotes":""},"categories":[],"tags":[],"class_list":["post-268","page","type-page","status-publish","hentry"],"_links":{"self":[{"href":"https:\/\/fortunacommunication.com\/de\/wp-json\/wp\/v2\/pages\/268","targetHints":{"allow":["GET"]}}],"collection":[{"href":"https:\/\/fortunacommunication.com\/de\/wp-json\/wp\/v2\/pages"}],"about":[{"href":"https:\/\/fortunacommunication.com\/de\/wp-json\/wp\/v2\/types\/page"}],"author":[{"embeddable":true,"href":"https:\/\/fortunacommunication.com\/de\/wp-json\/wp\/v2\/users\/1"}],"replies":[{"embeddable":true,"href":"https:\/\/fortunacommunication.com\/de\/wp-json\/wp\/v2\/comments?post=268"}],"version-history":[{"count":0,"href":"https:\/\/fortunacommunication.com\/de\/wp-json\/wp\/v2\/pages\/268\/revisions"}],"wp:attachment":[{"href":"https:\/\/fortunacommunication.com\/de\/wp-json\/wp\/v2\/media?parent=268"}],"wp:term":[{"taxonomy":"category","embeddable":true,"href":"https:\/\/fortunacommunication.com\/de\/wp-json\/wp\/v2\/categories?post=268"},{"taxonomy":"post_tag","embeddable":true,"href":"https:\/\/fortunacommunication.com\/de\/wp-json\/wp\/v2\/tags?post=268"}],"curies":[{"name":"wp","href":"https:\/\/api.w.org\/{rel}","templated":true}]}}