{"id":28,"date":"2014-11-03T21:15:02","date_gmt":"2014-11-03T21:15:02","guid":{"rendered":"http:\/\/fortunacommunication.com\/?page_id=28"},"modified":"2017-06-27T13:36:33","modified_gmt":"2017-06-27T12:36:33","slug":"intercultural-communication","status":"publish","type":"page","link":"https:\/\/fortunacommunication.com\/de\/training\/english\/intercultural-communication\/","title":{"rendered":"Privatunterricht"},"content":{"rendered":"Sie m\u00f6chten Ihre Englischkenntnisse verbessern oder wollen sich gezielt auf einen Vortrag, ein Gespr\u00e4ch oder eine Tagung auf englischer Sprache vorbereiten? Unsere Einzeltrainings sind genau auf Ihre Bed\u00fcrfnisse abgestimmt.<\/p>\n<p>Nach einer individuellen Sprachdiagnostik legen wir gemeinsam Ziele fest, die Sie mit uns erreichen m\u00f6chten. In den Einzelsitzungen vertiefen und festigen wir Ihre Sprachkompetenzen, damit Sie selbstbewusst und effektiv auf Englisch kommunizieren k\u00f6nnen. Unser Privatunterricht fokussiert auf Themen wie: nat\u00fcrliche Aussprache, Grammatik, Wortschatzbildung und aktive und passive Gespr\u00e4chsf\u00fchrung.<\/p>\n<p>Unser Privatunterricht:<\/p>\n<ul>\n<li>findet immer mit einem erfahrenen Trainer pro Person statt.<\/li>\n<li>richtet sich an Einzelpersonen mit Sprachniveau B1 bis C2.<\/li>\n<li>konzentriert sich auf Themen, die vom Kunden bestimmt werden.<\/li>\n<li>kann w\u00f6chentlich, zweiw\u00f6chentlich oder als Kompaktunterricht gebucht werden.<\/li>\n<li>findet wahlweise bei Ihnen an Ihrem Arbeitsstandort oder in Seminarr\u00e4umen in und um T\u00fcbingen statt.<\/li>\n<\/ul>\n<p>Bitte kontaktieren Sie uns \u00fcber das <a href=\"http:\/\/fortunacommunication.com\/?page_id=61\">Kontaktformular<\/a>. Wir stellen Ihnen gerne ein pers\u00f6nliches Kursangebot zusammen.<\/p>\n<p>&nbsp;","protected":false},"excerpt":{"rendered":"<p>Sie m\u00f6chten Ihre Englischkenntnisse verbessern oder wollen sich gezielt auf einen Vortrag, ein Gespr\u00e4ch oder eine Tagung auf englischer Sprache vorbereiten? Unsere Einzeltrainings sind genau auf Ihre Bed\u00fcrfnisse abgestimmt. Nach einer individuellen Sprachdiagnostik legen wir gemeinsam Ziele fest, die Sie mit uns erreichen m\u00f6chten. In den Einzelsitzungen vertiefen und festigen wir Ihre Sprachkompetenzen, damit Sie [&hellip;]<\/p>\n","protected":false},"author":1,"featured_media":0,"parent":70,"menu_order":0,"comment_status":"closed","ping_status":"closed","template":"","meta":{"footnotes":""},"categories":[],"tags":[],"class_list":["post-28","page","type-page","status-publish","hentry"],"_links":{"self":[{"href":"https:\/\/fortunacommunication.com\/de\/wp-json\/wp\/v2\/pages\/28","targetHints":{"allow":["GET"]}}],"collection":[{"href":"https:\/\/fortunacommunication.com\/de\/wp-json\/wp\/v2\/pages"}],"about":[{"href":"https:\/\/fortunacommunication.com\/de\/wp-json\/wp\/v2\/types\/page"}],"author":[{"embeddable":true,"href":"https:\/\/fortunacommunication.com\/de\/wp-json\/wp\/v2\/users\/1"}],"replies":[{"embeddable":true,"href":"https:\/\/fortunacommunication.com\/de\/wp-json\/wp\/v2\/comments?post=28"}],"version-history":[{"count":0,"href":"https:\/\/fortunacommunication.com\/de\/wp-json\/wp\/v2\/pages\/28\/revisions"}],"up":[{"embeddable":true,"href":"https:\/\/fortunacommunication.com\/de\/wp-json\/wp\/v2\/pages\/70"}],"wp:attachment":[{"href":"https:\/\/fortunacommunication.com\/de\/wp-json\/wp\/v2\/media?parent=28"}],"wp:term":[{"taxonomy":"category","embeddable":true,"href":"https:\/\/fortunacommunication.com\/de\/wp-json\/wp\/v2\/categories?post=28"},{"taxonomy":"post_tag","embeddable":true,"href":"https:\/\/fortunacommunication.com\/de\/wp-json\/wp\/v2\/tags?post=28"}],"curies":[{"name":"wp","href":"https:\/\/api.w.org\/{rel}","templated":true}]}}