{"id":32,"date":"2014-11-03T21:15:52","date_gmt":"2014-11-03T20:15:52","guid":{"rendered":"http:\/\/fortunacommunication.com\/?page_id=32"},"modified":"2026-01-22T07:57:21","modified_gmt":"2026-01-22T06:57:21","slug":"text-translation","status":"publish","type":"page","link":"https:\/\/fortunacommunication.com\/de\/translation\/text-translation\/","title":{"rendered":"Text\u00fcbersetzung"},"content":{"rendered":"Ben\u00f6tigen Sie eine muttersprachliche \u00dcbersetzung Ihrer technischen, wissenschaftlichen oder literarischen Texte in deutscher Sprache? Wir \u00fcbersetzen Ihren Text schnell, pr\u00e4zise und professionell. Von Marketing-Websites bis hin zu technischen Datenbl\u00e4ttern, von pers\u00f6nlichen (Auto-)Biografien bis hin zu komplexen akademischen Arbeiten &#8211; wir haben die n\u00f6tige Erfahrung, um jedes Themenfeld zu \u00fcbersetzen.<\/p>\n<p>In der Wirtschaft und im akademischen Umfeld kann es ungemein frustrierend sein, schlechte \u00dcbersetzungen von wichtigen Dokumenten und Unterlagen zu lesen oder eine schlecht \u00fcbersetzte Rede zu h\u00f6ren. Selbst literarische \u00dcbersetzungen, die von hochqualifizierten Nicht-Muttersprachlern angefertigt wurden, verfehlen manchmal ihr Ziel &#8211; kleine sprachliche Fehler und die unnat\u00fcrliche Verwendung idiomatischer Ausdr\u00fccke zum Beispiel k\u00f6nnen den Ton eines Textes ver\u00e4ndern und es einem englischen Muttersprachler erschweren, ihn zu verstehen.<\/p>\n<p>Bei Fortuna Communication sind alle unsere \u00dcbersetzer englische Muttersprachler mit flie\u00dfenden Deutschkenntnissen. Wir wissen, dass jedes \u00dcbersetzungsprojekt einzigartig ist und arbeiten eng mit Ihnen zusammen, um sicherzustellen, dass Ihre Botschaft genau so \u00fcbermittelt wird, wie Sie es wollen. Wir sind bestrebt, unsere Kunden bei jedem Schritt des \u00dcbersetzungsprozesses einzubeziehen, um sicherzustellen, dass das Endprodukt Ihren Anforderungen entspricht. Durch pers\u00f6nliches Feedback und den Kontakt mit unseren Kunden stellen wir sicher, dass unsere \u00dcbersetzungen fachlich korrekt sind und immer den richtigen Ton f\u00fcr den jeweiligen Verwendungszweck treffen.<\/p>\n<p><a href=\"https:\/\/fortunacommunication.com\/de\/contact\/\">Kontaktieren<\/a> Sie uns &#8211; wir erstellen Ihnen gerne ein individuelles Angebot f\u00fcr Ihre \u00dcbersetzung.","protected":false},"excerpt":{"rendered":"<p>Ben\u00f6tigen Sie eine muttersprachliche \u00dcbersetzung Ihrer technischen, wissenschaftlichen oder literarischen Texte in deutscher Sprache? Wir \u00fcbersetzen Ihren Text schnell, pr\u00e4zise und professionell. Von Marketing-Websites bis hin zu technischen Datenbl\u00e4ttern, von pers\u00f6nlichen (Auto-)Biografien bis hin zu komplexen akademischen Arbeiten &#8211; wir haben die n\u00f6tige Erfahrung, um jedes Themenfeld zu \u00fcbersetzen. In der Wirtschaft und im akademischen [&hellip;]<\/p>\n","protected":false},"author":1,"featured_media":0,"parent":24,"menu_order":1,"comment_status":"closed","ping_status":"closed","template":"","meta":{"footnotes":""},"categories":[],"tags":[],"class_list":["post-32","page","type-page","status-publish","hentry"],"_links":{"self":[{"href":"https:\/\/fortunacommunication.com\/de\/wp-json\/wp\/v2\/pages\/32","targetHints":{"allow":["GET"]}}],"collection":[{"href":"https:\/\/fortunacommunication.com\/de\/wp-json\/wp\/v2\/pages"}],"about":[{"href":"https:\/\/fortunacommunication.com\/de\/wp-json\/wp\/v2\/types\/page"}],"author":[{"embeddable":true,"href":"https:\/\/fortunacommunication.com\/de\/wp-json\/wp\/v2\/users\/1"}],"replies":[{"embeddable":true,"href":"https:\/\/fortunacommunication.com\/de\/wp-json\/wp\/v2\/comments?post=32"}],"version-history":[{"count":0,"href":"https:\/\/fortunacommunication.com\/de\/wp-json\/wp\/v2\/pages\/32\/revisions"}],"up":[{"embeddable":true,"href":"https:\/\/fortunacommunication.com\/de\/wp-json\/wp\/v2\/pages\/24"}],"wp:attachment":[{"href":"https:\/\/fortunacommunication.com\/de\/wp-json\/wp\/v2\/media?parent=32"}],"wp:term":[{"taxonomy":"category","embeddable":true,"href":"https:\/\/fortunacommunication.com\/de\/wp-json\/wp\/v2\/categories?post=32"},{"taxonomy":"post_tag","embeddable":true,"href":"https:\/\/fortunacommunication.com\/de\/wp-json\/wp\/v2\/tags?post=32"}],"curies":[{"name":"wp","href":"https:\/\/api.w.org\/{rel}","templated":true}]}}