{"id":35,"date":"2014-11-03T21:16:02","date_gmt":"2014-11-03T20:16:02","guid":{"rendered":"http:\/\/fortunacommunication.com\/?page_id=35"},"modified":"2017-06-27T13:29:52","modified_gmt":"2017-06-27T12:29:52","slug":"interpreting","status":"publish","type":"page","link":"https:\/\/fortunacommunication.com\/de\/translation\/interpreting\/","title":{"rendered":"Dolmetschen"},"content":{"rendered":"Sie planen eine Veranstaltung mit internationalen Teilnehmern, die wenig (oder gar kein) Deutsch k\u00f6nnen? Auf Ihrer Tagung oder Konferenz schlie\u00dfen wir die sprachliche L\u00fccke zwischen Gesch\u00e4ftspartnern und\/oder akademischen Kollegen. Simultan oder konsekutiv \u2013 wir dolmetschen auf Ihrer Veranstaltung, damit alle Informationen und Inhalte bei allen Anwesenden richtig ankommen.<\/p>\n<p>Unsere Dolmetscher k\u00f6nnen f\u00fcr einen oder mehrere Tage f\u00fcr Besprechungen, Tagungen, Verhandlungen oder Vortr\u00e4ge gebucht werden. Bei Fortuna Communication haben Sie einen Partner, der kompetent, flexibel, freundlich und kosteng\u00fcnstig ist \u2013 vergleichen Sie unser Angebot mit den \u00fcblichen Preisen f\u00fcr Dolmetscherleistungen.<\/p>\n<p>Bitte kontaktieren Sie uns \u00fcber das <a href=\"http:\/\/fortunacommunication.com\/?page_id=61\">Kontaktformular<\/a>, um Umfang und Art des Dolmetschens zu besprechen. Gerne erstellen wir ein pers\u00f6nliches Angebot f\u00fcr Sie.","protected":false},"excerpt":{"rendered":"<p>Sie planen eine Veranstaltung mit internationalen Teilnehmern, die wenig (oder gar kein) Deutsch k\u00f6nnen? Auf Ihrer Tagung oder Konferenz schlie\u00dfen wir die sprachliche L\u00fccke zwischen Gesch\u00e4ftspartnern und\/oder akademischen Kollegen. Simultan oder konsekutiv \u2013 wir dolmetschen auf Ihrer Veranstaltung, damit alle Informationen und Inhalte bei allen Anwesenden richtig ankommen. Unsere Dolmetscher k\u00f6nnen f\u00fcr einen oder mehrere [&hellip;]<\/p>\n","protected":false},"author":1,"featured_media":0,"parent":24,"menu_order":0,"comment_status":"closed","ping_status":"closed","template":"","meta":{"footnotes":""},"categories":[],"tags":[],"class_list":["post-35","page","type-page","status-publish","hentry"],"_links":{"self":[{"href":"https:\/\/fortunacommunication.com\/de\/wp-json\/wp\/v2\/pages\/35","targetHints":{"allow":["GET"]}}],"collection":[{"href":"https:\/\/fortunacommunication.com\/de\/wp-json\/wp\/v2\/pages"}],"about":[{"href":"https:\/\/fortunacommunication.com\/de\/wp-json\/wp\/v2\/types\/page"}],"author":[{"embeddable":true,"href":"https:\/\/fortunacommunication.com\/de\/wp-json\/wp\/v2\/users\/1"}],"replies":[{"embeddable":true,"href":"https:\/\/fortunacommunication.com\/de\/wp-json\/wp\/v2\/comments?post=35"}],"version-history":[{"count":0,"href":"https:\/\/fortunacommunication.com\/de\/wp-json\/wp\/v2\/pages\/35\/revisions"}],"up":[{"embeddable":true,"href":"https:\/\/fortunacommunication.com\/de\/wp-json\/wp\/v2\/pages\/24"}],"wp:attachment":[{"href":"https:\/\/fortunacommunication.com\/de\/wp-json\/wp\/v2\/media?parent=35"}],"wp:term":[{"taxonomy":"category","embeddable":true,"href":"https:\/\/fortunacommunication.com\/de\/wp-json\/wp\/v2\/categories?post=35"},{"taxonomy":"post_tag","embeddable":true,"href":"https:\/\/fortunacommunication.com\/de\/wp-json\/wp\/v2\/tags?post=35"}],"curies":[{"name":"wp","href":"https:\/\/api.w.org\/{rel}","templated":true}]}}