{"id":41,"date":"2014-11-03T21:16:58","date_gmt":"2014-11-03T20:16:58","guid":{"rendered":"http:\/\/fortunacommunication.com\/?page_id=41"},"modified":"2023-01-25T22:07:41","modified_gmt":"2023-01-25T21:07:41","slug":"public-speaking","status":"publish","type":"page","link":"https:\/\/fortunacommunication.com\/de\/training\/strategic-communication-workshops\/public-speaking\/","title":{"rendered":"\u00d6ffentliches Sprechen"},"content":{"rendered":"<p style=\"text-align: left; margin-bottom: 10px;\">\u00d6ffentliches Sprechen k\u00f6nnen f\u00fcr Publikum und Sprecher gleicherma\u00dfen anstrengend sein. In diesem Workshop lernen Sie, wie Sie Ihre Reden lebendig und interessant gestalten, wie Sie eine Situation schaffen, in der Ihnen aufmerksam zugeh\u00f6rt wird und \u2013 vor allem \u2013 wie Sie sich dabei selbst als Redner wohlf\u00fchlen.<\/p>\n<p style=\"text-align: left; margin-bottom: 10px;\"><span style=\"font-size: 16pt;\">Die Kunst der freien Rede\u00a0<\/span><\/p>\n<p style=\"text-align: left; margin-bottom: 10px;\">Wie bauen Sie eine schl\u00fcssige Argumentationskette auf? Wie organisieren Sie Ihre Gedanken, um maximale Wirkung zu erzielen? Wie bauen Sie rasch und souver\u00e4n eine Verbindung mit dem Publikum auf? Wie setzen Sie Medien optimal ein?<\/p>\n<p style=\"text-align: left; margin-bottom: 10px;\">Theoretische Basismodelle der Rhetorik werden mit praktischen \u00dcbungen zur freien Rede verkn\u00fcpft. Unsere \u00dcbungsmodule helfen Ihnen dabei, Ihre Rolle als Redner mit Stimme, K\u00f6rpersprache und fachlichem Inhalt zu f\u00fcllen.\u00a0Unsere Pr\u00e4sentationstechnik Seminare und Workshops sind ma\u00dfgeschneidert f\u00fcr Ihre Bed\u00fcrfnisse und die Bed\u00fcrfnisse Ihres Teams.<\/p>\n<p style=\"text-align: left; margin-bottom: 10px;\"><span style=\"font-size: 21.3333px; line-height: 32px;\">Das Publikum\u00a0gewinnen<\/span><\/p>\n<p style=\"text-align: left;\">\u00dcbungsmodule\u00a0beinhalten\u00a0beispielsweise Themen wie: kraftvolle Argumentation, Vortragsorganisation, K\u00f6rpersprache, Strategien gegen Lampenfieber und den effektiven Gebrauch von Raum und Medien.\u00a0Einzelne \u00dcbungsmodule werden nach Ihren W\u00fcnschen kombiniert, um Ihre Pr\u00e4sentationsf\u00e4higkeiten optimal zu entwickeln.<\/p>\n<p>Bitte kontaktieren Sie uns \u00fcber das <a href=\"http:\/\/fortunacommunication.com\/?page_id=61\">Kontaktformular<\/a>. Gerne stellen wir Ihnen ein Programm zusammen \u2013 individuell an die Bed\u00fcrfnisse Ihres Teams oder Ihres Unternehmens angepasst.","protected":false},"excerpt":{"rendered":"<p>\u00d6ffentliches Sprechen k\u00f6nnen f\u00fcr Publikum und Sprecher gleicherma\u00dfen anstrengend sein. In diesem Workshop lernen Sie, wie Sie Ihre Reden lebendig und interessant gestalten, wie Sie eine Situation schaffen, in der Ihnen aufmerksam zugeh\u00f6rt wird und \u2013 vor allem \u2013 wie Sie sich dabei selbst als Redner wohlf\u00fchlen. Die Kunst der freien Rede\u00a0 Wie bauen Sie [&hellip;]<\/p>\n","protected":false},"author":1,"featured_media":0,"parent":54,"menu_order":0,"comment_status":"closed","ping_status":"closed","template":"","meta":{"footnotes":""},"categories":[],"tags":[],"class_list":["post-41","page","type-page","status-publish","hentry"],"_links":{"self":[{"href":"https:\/\/fortunacommunication.com\/de\/wp-json\/wp\/v2\/pages\/41","targetHints":{"allow":["GET"]}}],"collection":[{"href":"https:\/\/fortunacommunication.com\/de\/wp-json\/wp\/v2\/pages"}],"about":[{"href":"https:\/\/fortunacommunication.com\/de\/wp-json\/wp\/v2\/types\/page"}],"author":[{"embeddable":true,"href":"https:\/\/fortunacommunication.com\/de\/wp-json\/wp\/v2\/users\/1"}],"replies":[{"embeddable":true,"href":"https:\/\/fortunacommunication.com\/de\/wp-json\/wp\/v2\/comments?post=41"}],"version-history":[{"count":0,"href":"https:\/\/fortunacommunication.com\/de\/wp-json\/wp\/v2\/pages\/41\/revisions"}],"up":[{"embeddable":true,"href":"https:\/\/fortunacommunication.com\/de\/wp-json\/wp\/v2\/pages\/54"}],"wp:attachment":[{"href":"https:\/\/fortunacommunication.com\/de\/wp-json\/wp\/v2\/media?parent=41"}],"wp:term":[{"taxonomy":"category","embeddable":true,"href":"https:\/\/fortunacommunication.com\/de\/wp-json\/wp\/v2\/categories?post=41"},{"taxonomy":"post_tag","embeddable":true,"href":"https:\/\/fortunacommunication.com\/de\/wp-json\/wp\/v2\/tags?post=41"}],"curies":[{"name":"wp","href":"https:\/\/api.w.org\/{rel}","templated":true}]}}