{"id":47,"date":"2014-11-03T21:17:37","date_gmt":"2014-11-03T20:17:37","guid":{"rendered":"http:\/\/fortunacommunication.com\/?page_id=47"},"modified":"2019-07-01T13:44:27","modified_gmt":"2019-07-01T12:44:27","slug":"conversational-rhetoric","status":"publish","type":"page","link":"https:\/\/fortunacommunication.com\/de\/training\/strategic-communication-workshops\/conversational-rhetoric\/","title":{"rendered":"Gespr\u00e4chsrhetorik"},"content":{"rendered":"Zwischenmenschliche Kommunikation ist f\u00fcr uns Alltag \u2013 privat wie auch beruflich \u2013 und oft machen wir uns Gedanken dar\u00fcber, wie wir uns pr\u00e4sentieren. Es gibt immer wieder Gespr\u00e4che und Gespr\u00e4chssituationen, in denen wir uns sicheres Auftreten und mehr \u00dcberzeugungskraft w\u00fcnschen.<\/p>\n<p><span style=\"font-size: 16pt;\">Gespr\u00e4che planen<\/span><br \/>\nDas gilt besonders f\u00fcr Situationen, in denen kritische Themen besprochen werden, wichtige Entscheidungen getroffen werden oder wo wir im Fokus stehen. Situationen wie Meetings, Bewerbungsgespr\u00e4che, Personalgespr\u00e4che und Kundengespr\u00e4che ben\u00f6tigen strategisches Geschick und effektive Gespr\u00e4chskompetenzen.<\/p>\n<p><span style=\"font-size: 16pt;\">Gemeinsame Ziele vereinbaren<\/span><br \/>\nIn unseren Gespr\u00e4chsrhetorik-Workshops lernen Sie die Grundlagen der dialogischen persuasiven Kommunikation. Praktische \u00dcbungen werden mit theoretischem Wissen verbunden. Das Erlernte hilft Ihnen, Ihren Standpunkt zu vertreten und Ihre strategischen Ziele zu erreichen. Zudem erleichtert es Ihnen, im Vorfeld besser zu planen und Stress bzw. Spannungen zu vermeiden.<\/p>\n<p><span style=\"font-size: 16pt;\">L\u00f6sungen finden<\/span><br \/>\nWie werden Argumente treffend formuliert und in einem Gespr\u00e4ch eingebracht? Wie werden Sie in einer Gespr\u00e4chssituation wahrgenommen? Bilden gesprochenes Wort, Stimme und K\u00f6rpersprache eine starke und positive Einheit? Wie k\u00f6nnen wir Konflikte entsch\u00e4rfen und L\u00f6sungen herbeif\u00fchren?<\/p>\n<p>Bitte kontaktieren Sie uns \u00fcber das <a href=\"http:\/\/fortunacommunication.com\/?page_id=61\">Kontaktformular<\/a>. Gerne stellen wir Ihnen ein Programm zusammen \u2013 individuell an die Bed\u00fcrfnisse Ihres Teams oder Ihres Unternehmens angepasst.","protected":false},"excerpt":{"rendered":"<p>Zwischenmenschliche Kommunikation ist f\u00fcr uns Alltag \u2013 privat wie auch beruflich \u2013 und oft machen wir uns Gedanken dar\u00fcber, wie wir uns pr\u00e4sentieren. Es gibt immer wieder Gespr\u00e4che und Gespr\u00e4chssituationen, in denen wir uns sicheres Auftreten und mehr \u00dcberzeugungskraft w\u00fcnschen. Gespr\u00e4che planen Das gilt besonders f\u00fcr Situationen, in denen kritische Themen besprochen werden, wichtige Entscheidungen [&hellip;]<\/p>\n","protected":false},"author":1,"featured_media":0,"parent":54,"menu_order":0,"comment_status":"closed","ping_status":"closed","template":"","meta":{"footnotes":""},"categories":[],"tags":[],"class_list":["post-47","page","type-page","status-publish","hentry"],"_links":{"self":[{"href":"https:\/\/fortunacommunication.com\/de\/wp-json\/wp\/v2\/pages\/47","targetHints":{"allow":["GET"]}}],"collection":[{"href":"https:\/\/fortunacommunication.com\/de\/wp-json\/wp\/v2\/pages"}],"about":[{"href":"https:\/\/fortunacommunication.com\/de\/wp-json\/wp\/v2\/types\/page"}],"author":[{"embeddable":true,"href":"https:\/\/fortunacommunication.com\/de\/wp-json\/wp\/v2\/users\/1"}],"replies":[{"embeddable":true,"href":"https:\/\/fortunacommunication.com\/de\/wp-json\/wp\/v2\/comments?post=47"}],"version-history":[{"count":0,"href":"https:\/\/fortunacommunication.com\/de\/wp-json\/wp\/v2\/pages\/47\/revisions"}],"up":[{"embeddable":true,"href":"https:\/\/fortunacommunication.com\/de\/wp-json\/wp\/v2\/pages\/54"}],"wp:attachment":[{"href":"https:\/\/fortunacommunication.com\/de\/wp-json\/wp\/v2\/media?parent=47"}],"wp:term":[{"taxonomy":"category","embeddable":true,"href":"https:\/\/fortunacommunication.com\/de\/wp-json\/wp\/v2\/categories?post=47"},{"taxonomy":"post_tag","embeddable":true,"href":"https:\/\/fortunacommunication.com\/de\/wp-json\/wp\/v2\/tags?post=47"}],"curies":[{"name":"wp","href":"https:\/\/api.w.org\/{rel}","templated":true}]}}