{"id":51,"date":"2014-11-03T21:19:54","date_gmt":"2014-11-03T21:19:54","guid":{"rendered":"http:\/\/fortunacommunication.com\/?page_id=51"},"modified":"2026-01-23T16:00:26","modified_gmt":"2026-01-23T15:00:26","slug":"training","status":"publish","type":"page","link":"https:\/\/fortunacommunication.com\/de\/training\/","title":{"rendered":"Training"},"content":{"rendered":"In manchen Situationen reicht es, sich \u201emit H\u00e4nden und F\u00fc\u00dfen\u201c zu unterhalten. Sobald ein professioneller Anspruch an Kommunikation gestellt wird, kann diese Art und Weise der Kommunikation jedoch zu Missverst\u00e4ndnissen f\u00fchren und uns daran hindern, unsere Ziele zu erreichen. Das gilt ganz besonders f\u00fcr Situationen, in denen \u00dcberzeugungskraft und strategisches Geschick erforderlich sind \u2013 wie bei Vortr\u00e4gen, Besprechungen oder Verhandlungen. In solchen Kontexten ist ein fundierter Umgang mit Sprache und rhetorischen Strategien extrem hilfreich.<\/p>\n<p>\u00dcbung macht den Meister: Mit unseren Englischkursen und unseren Workshops zu Strategischer Kommunikation \u2013 die auf Deutsch oder auf Englisch durchgef\u00fchrt werden k\u00f6nnen \u2013 bringen wir Sie Ihren pers\u00f6nlichen Zielen n\u00e4her. Alle Trainings, Seminare und Workshops werden exakt an Ihre Bed\u00fcrfnisse und Vorkenntnisse angepasst.<\/p>\n<p>M\u00f6chten Sie sich auf einen Vortrag oder ein Vorstellungsgespr\u00e4ch vorbereiten? Ben\u00f6tigen Ihre Mitarbeiter Unterst\u00fctzung beim Ausbau ihrer Englischkenntnisse oder ihrer Verhandlungsf\u00e4higkeiten? Mehr Informationen finden Sie hier:<\/p>\n<p>&nbsp;<\/p>\n<div class=\"su-row\">\n<div class=\"su-column su-column-size-1-2\"><div class=\"su-column-inner su-u-clearfix su-u-trim\"><div class=\"su-service\"><div class=\"su-service-title\" style=\"padding-left:36px;min-height:22px;line-height:22px\"><i class=\"sui sui-users\" style=\"font-size:22px;color:#9ACD32\"><\/i> Strategische Kommunikation<\/div><div class=\"su-service-content su-u-clearfix su-u-trim\" style=\"padding-left:36px\"><a href=\"http:\/\/fortunacommunication.com\/?page_id=54\">Lesen Sie mehr&gt;&gt;<\/a><\/div><\/div><\/div><\/div>\n<div class=\"su-column su-column-size-1-2\"><div class=\"su-column-inner su-u-clearfix su-u-trim\"><div class=\"su-service\"><div class=\"su-service-title\" style=\"padding-left:36px;min-height:22px;line-height:22px\"><i class=\"sui sui-language\" style=\"font-size:22px;color:#9ACD32\"><\/i> Englischkurse<\/div><div class=\"su-service-content su-u-clearfix su-u-trim\" style=\"padding-left:36px\"><a href=\"http:\/\/fortunacommunication.com\/?page_id=70\">Lesen Sie mehr&gt;&gt;<\/a><\/div><\/div><\/div><\/div>\n<\/div>\n<p>&nbsp;","protected":false},"excerpt":{"rendered":"<p>In manchen Situationen reicht es, sich \u201emit H\u00e4nden und F\u00fc\u00dfen\u201c zu unterhalten. Sobald ein professioneller Anspruch an Kommunikation gestellt wird, kann diese Art und Weise der Kommunikation jedoch zu Missverst\u00e4ndnissen f\u00fchren und uns daran hindern, unsere Ziele zu erreichen. Das gilt ganz besonders f\u00fcr Situationen, in denen \u00dcberzeugungskraft und strategisches Geschick erforderlich sind \u2013 wie [&hellip;]<\/p>\n","protected":false},"author":1,"featured_media":0,"parent":0,"menu_order":0,"comment_status":"closed","ping_status":"closed","template":"","meta":{"footnotes":""},"categories":[],"tags":[],"class_list":["post-51","page","type-page","status-publish","hentry"],"_links":{"self":[{"href":"https:\/\/fortunacommunication.com\/de\/wp-json\/wp\/v2\/pages\/51","targetHints":{"allow":["GET"]}}],"collection":[{"href":"https:\/\/fortunacommunication.com\/de\/wp-json\/wp\/v2\/pages"}],"about":[{"href":"https:\/\/fortunacommunication.com\/de\/wp-json\/wp\/v2\/types\/page"}],"author":[{"embeddable":true,"href":"https:\/\/fortunacommunication.com\/de\/wp-json\/wp\/v2\/users\/1"}],"replies":[{"embeddable":true,"href":"https:\/\/fortunacommunication.com\/de\/wp-json\/wp\/v2\/comments?post=51"}],"version-history":[{"count":1,"href":"https:\/\/fortunacommunication.com\/de\/wp-json\/wp\/v2\/pages\/51\/revisions"}],"predecessor-version":[{"id":1327,"href":"https:\/\/fortunacommunication.com\/de\/wp-json\/wp\/v2\/pages\/51\/revisions\/1327"}],"wp:attachment":[{"href":"https:\/\/fortunacommunication.com\/de\/wp-json\/wp\/v2\/media?parent=51"}],"wp:term":[{"taxonomy":"category","embeddable":true,"href":"https:\/\/fortunacommunication.com\/de\/wp-json\/wp\/v2\/categories?post=51"},{"taxonomy":"post_tag","embeddable":true,"href":"https:\/\/fortunacommunication.com\/de\/wp-json\/wp\/v2\/tags?post=51"}],"curies":[{"name":"wp","href":"https:\/\/api.w.org\/{rel}","templated":true}]}}