{"id":54,"date":"2014-11-03T21:20:42","date_gmt":"2014-11-03T20:20:42","guid":{"rendered":"http:\/\/fortunacommunication.com\/?page_id=54"},"modified":"2026-01-23T15:57:16","modified_gmt":"2026-01-23T14:57:16","slug":"strategic-communication-workshops","status":"publish","type":"page","link":"https:\/\/fortunacommunication.com\/de\/training\/strategic-communication-workshops\/","title":{"rendered":"Strategische Kommunikation"},"content":{"rendered":"Lernen Sie die Kunst der Strategischen Kommunikation \u2013 und setzen Sie diese effektiv in Reden, Gespr\u00e4chen oder kritischen Verhandlungssituationen ein. Wir bieten ein differenziertes Kursangebot f\u00fcr Gesch\u00e4ftskunden und den universit\u00e4ren Bereich.<\/p>\n<p>Alle unsere Seminare und Workshops k\u00f6nnen wahlweise auf Englisch oder auf Deutsch durchgef\u00fchrt werden. Unsere englischsprachigen Angebote eignen sich besonders f\u00fcr Kunden, die regelm\u00e4\u00dfig international unterwegs sind und in englischer Sprache \u00fcberzeugend kommunizieren m\u00fcssen.<\/p>\n<p>Erfahren Sie mehr \u00fcber unser Angebot und die Kursinhalte:<\/p>\n<p>&nbsp;<\/p>\n<div class=\"su-row\">\n<div class=\"su-column su-column-size-1-2\"><div class=\"su-column-inner su-u-clearfix su-u-trim\"><div class=\"su-service\"><div class=\"su-service-title\" style=\"padding-left:36px;min-height:22px;line-height:22px\"><i class=\"sui sui-bullhorn\" style=\"font-size:22px;color:#9ACD32\"><\/i> Pr\u00e4sentationstechniken<\/div><div class=\"su-service-content su-u-clearfix su-u-trim\" style=\"padding-left:36px\"><a href=\"http:\/\/fortunacommunication.com\/?page_id=41\">Lesen Sie mehr&gt;&gt;<\/a><\/div><\/div><\/div><\/div>\n<div class=\"su-column su-column-size-1-2\"><div class=\"su-column-inner su-u-clearfix su-u-trim\"><div class=\"su-service\"><div class=\"su-service-title\" style=\"padding-left:36px;min-height:22px;line-height:22px\"><i class=\"sui sui-weixin\" style=\"font-size:22px;color:#9ACD32\"><\/i> Gespr\u00e4chsrhetorik<\/div><div class=\"su-service-content su-u-clearfix su-u-trim\" style=\"padding-left:36px\"><a href=\"http:\/\/fortunacommunication.com\/?page_id=47\">Lesen Sie mehr&gt;&gt;<\/a><\/div><\/div><\/div><\/div>\n<\/div>\n<p>&nbsp;<\/p>\n<div class=\"su-row\">\n<div class=\"su-column su-column-size-1-2\"><div class=\"su-column-inner su-u-clearfix su-u-trim\"><div class=\"su-service\"><div class=\"su-service-title\" style=\"padding-left:36px;min-height:22px;line-height:22px\"><i class=\"sui sui-thumbs-o-up\" style=\"font-size:22px;color:#9ACD32\"><\/i> Verhandlungsf\u00fchrung<\/div><div class=\"su-service-content su-u-clearfix su-u-trim\" style=\"padding-left:36px\"><a href=\"http:\/\/fortunacommunication.com\/?page_id=44\">Lesen Sie mehr&gt;&gt;<\/a><\/div><\/div><\/div><\/div>\n<div class=\"su-column su-column-size-1-2\"><div class=\"su-column-inner su-u-clearfix su-u-trim\"><div class=\"su-service\"><div class=\"su-service-title\" style=\"padding-left:36px;min-height:22px;line-height:22px\"><i class=\"sui sui-comments-o\" style=\"font-size:22px;color:#9ACD32\"><\/i> Rhetorisches Einzelcoaching<\/div><div class=\"su-service-content su-u-clearfix su-u-trim\" style=\"padding-left:36px\"><a href=\"http:\/\/fortunacommunication.com\/?page_id=165\">Lesen Sie mehr&gt;&gt;<\/a><\/div><\/div><\/div><\/div>\n<\/div>\n<p>&nbsp;<\/p>\n<p>&nbsp;","protected":false},"excerpt":{"rendered":"<p>Lernen Sie die Kunst der Strategischen Kommunikation \u2013 und setzen Sie diese effektiv in Reden, Gespr\u00e4chen oder kritischen Verhandlungssituationen ein. Wir bieten ein differenziertes Kursangebot f\u00fcr Gesch\u00e4ftskunden und den universit\u00e4ren Bereich. Alle unsere Seminare und Workshops k\u00f6nnen wahlweise auf Englisch oder auf Deutsch durchgef\u00fchrt werden. Unsere englischsprachigen Angebote eignen sich besonders f\u00fcr Kunden, die regelm\u00e4\u00dfig [&hellip;]<\/p>\n","protected":false},"author":1,"featured_media":0,"parent":51,"menu_order":0,"comment_status":"closed","ping_status":"closed","template":"","meta":{"footnotes":""},"categories":[],"tags":[],"class_list":["post-54","page","type-page","status-publish","hentry"],"_links":{"self":[{"href":"https:\/\/fortunacommunication.com\/de\/wp-json\/wp\/v2\/pages\/54","targetHints":{"allow":["GET"]}}],"collection":[{"href":"https:\/\/fortunacommunication.com\/de\/wp-json\/wp\/v2\/pages"}],"about":[{"href":"https:\/\/fortunacommunication.com\/de\/wp-json\/wp\/v2\/types\/page"}],"author":[{"embeddable":true,"href":"https:\/\/fortunacommunication.com\/de\/wp-json\/wp\/v2\/users\/1"}],"replies":[{"embeddable":true,"href":"https:\/\/fortunacommunication.com\/de\/wp-json\/wp\/v2\/comments?post=54"}],"version-history":[{"count":2,"href":"https:\/\/fortunacommunication.com\/de\/wp-json\/wp\/v2\/pages\/54\/revisions"}],"predecessor-version":[{"id":1321,"href":"https:\/\/fortunacommunication.com\/de\/wp-json\/wp\/v2\/pages\/54\/revisions\/1321"}],"up":[{"embeddable":true,"href":"https:\/\/fortunacommunication.com\/de\/wp-json\/wp\/v2\/pages\/51"}],"wp:attachment":[{"href":"https:\/\/fortunacommunication.com\/de\/wp-json\/wp\/v2\/media?parent=54"}],"wp:term":[{"taxonomy":"category","embeddable":true,"href":"https:\/\/fortunacommunication.com\/de\/wp-json\/wp\/v2\/categories?post=54"},{"taxonomy":"post_tag","embeddable":true,"href":"https:\/\/fortunacommunication.com\/de\/wp-json\/wp\/v2\/tags?post=54"}],"curies":[{"name":"wp","href":"https:\/\/api.w.org\/{rel}","templated":true}]}}