{"id":58,"date":"2014-11-03T21:23:24","date_gmt":"2014-11-03T21:23:24","guid":{"rendered":"http:\/\/fortunacommunication.com\/?page_id=58"},"modified":"2026-01-22T07:55:03","modified_gmt":"2026-01-22T06:55:03","slug":"about-me","status":"publish","type":"page","link":"https:\/\/fortunacommunication.com\/de\/about-me\/","title":{"rendered":"\u00dcber Uns"},"content":{"rendered":"Fortuna Communication wurde 2005 in T\u00fcbingen gegr\u00fcndet. Seitdem bietet Fortuna Communication Trainings, Coachings und Beratungen in strategischer Kommunikation und Wirtschaftsenglisch, sowie Sprachdienstleistungen f\u00fcr Gewerkschaften, Gesch\u00e4ftskunden, akademische Einrichtungen, Verlage und Privatpersonen an.<\/p>\n<p>Unser h\u00f6chstes Ziel ist es, Sie Ihren Zielen n\u00e4her zu bringen. Wir arbeiten eng mit unseren Kunden zusammen, um die bestm\u00f6glichen L\u00f6sungen f\u00fcr ihre Bed\u00fcrfnisse zu finden. Mit \u00fcber 15 Jahren Erfahrung liegt unser Fokus darauf, unseren Kunden fundierte, praktische und pers\u00f6nliche Leistungen anzubieten.<\/p>\n<p>Im Bereich strategischer Kommunikation verkn\u00fcpfen wir klassische rhetorische Prinzipien mit modernen Techniken und pr\u00e4sentieren Inhalte in einem ansprechenden und zug\u00e4nglichen Format. Dadurch helfen wir unseren Kunden, ihre Kommunikations- und \u00dcberzeugungsf\u00e4higkeiten zu verbessern.<\/p>\n<p>Unser Ansatz f\u00fcr Sprachdienstleistungen setzt bei den W\u00fcnschen unserer Kunden an. Ob \u00dcbersetzung, Lektorat, oder Korrektorat. Wir stellen sicher, dass das Endprodukt pr\u00e4zise ist und genau den richtigen Ton trifft.<\/p>\n<p>Der Erfolg spricht f\u00fcr sich, und wir danken unseren Kunden f\u00fcr ihr Vertrauen. <a href=\"http:\/\/fortunacommunication.com\/?page_id=64\">Hier <\/a>finden Sie Kundenreferenzen und aktuell von uns \u00fcbersetzte, lektorierte und korrigierte Publikationen.<\/p>\n<p>&nbsp;<\/p>\n<p>&nbsp;","protected":false},"excerpt":{"rendered":"<p>Fortuna Communication wurde 2005 in T\u00fcbingen gegr\u00fcndet. Seitdem bietet Fortuna Communication Trainings, Coachings und Beratungen in strategischer Kommunikation und Wirtschaftsenglisch, sowie Sprachdienstleistungen f\u00fcr Gewerkschaften, Gesch\u00e4ftskunden, akademische Einrichtungen, Verlage und Privatpersonen an. Unser h\u00f6chstes Ziel ist es, Sie Ihren Zielen n\u00e4her zu bringen. Wir arbeiten eng mit unseren Kunden zusammen, um die bestm\u00f6glichen L\u00f6sungen f\u00fcr ihre [&hellip;]<\/p>\n","protected":false},"author":1,"featured_media":0,"parent":0,"menu_order":0,"comment_status":"closed","ping_status":"closed","template":"","meta":{"footnotes":""},"categories":[],"tags":[],"class_list":["post-58","page","type-page","status-publish","hentry"],"_links":{"self":[{"href":"https:\/\/fortunacommunication.com\/de\/wp-json\/wp\/v2\/pages\/58","targetHints":{"allow":["GET"]}}],"collection":[{"href":"https:\/\/fortunacommunication.com\/de\/wp-json\/wp\/v2\/pages"}],"about":[{"href":"https:\/\/fortunacommunication.com\/de\/wp-json\/wp\/v2\/types\/page"}],"author":[{"embeddable":true,"href":"https:\/\/fortunacommunication.com\/de\/wp-json\/wp\/v2\/users\/1"}],"replies":[{"embeddable":true,"href":"https:\/\/fortunacommunication.com\/de\/wp-json\/wp\/v2\/comments?post=58"}],"version-history":[{"count":0,"href":"https:\/\/fortunacommunication.com\/de\/wp-json\/wp\/v2\/pages\/58\/revisions"}],"wp:attachment":[{"href":"https:\/\/fortunacommunication.com\/de\/wp-json\/wp\/v2\/media?parent=58"}],"wp:term":[{"taxonomy":"category","embeddable":true,"href":"https:\/\/fortunacommunication.com\/de\/wp-json\/wp\/v2\/categories?post=58"},{"taxonomy":"post_tag","embeddable":true,"href":"https:\/\/fortunacommunication.com\/de\/wp-json\/wp\/v2\/tags?post=58"}],"curies":[{"name":"wp","href":"https:\/\/api.w.org\/{rel}","templated":true}]}}