{"id":613,"date":"2016-01-19T15:27:56","date_gmt":"2016-01-19T14:27:56","guid":{"rendered":"http:\/\/fortunacommunication.com\/?page_id=613"},"modified":"2026-01-23T16:02:13","modified_gmt":"2026-01-23T15:02:13","slug":"be-persuasive","status":"publish","type":"page","link":"https:\/\/fortunacommunication.com\/de\/","title":{"rendered":"Richtig. Gut. Reden."},"content":{"rendered":"<div id=\"intro\" class=\"option1\">\n<div id=\"intro-core\">\n<h1 class=\"page-title\">Richtig. Gut. Reden.<\/h1>\n<\/div>\n<\/div>\n<p>Fortuna Communication bietet ein breites Portfolio an Kommunikations- und Sprachdienstleistungen f\u00fcr Gesch\u00e4ftskunden, \u00f6ffentliche Einrichtungen und Privatpersonen. Unser Angebot umfasst drei Bereiche:<\/p>\n<div class=\"su-row\">\n<div class=\"su-column su-column-size-1-3\"><div class=\"su-column-inner su-u-clearfix su-u-trim\">\n<div class=\"su-service\"><div class=\"su-service-title\" style=\"padding-left:46px;min-height:32px;line-height:32px\"><i class=\"sui sui-graduation-cap\" style=\"font-size:32px;color:#9ACD32\"><\/i> Training<\/div><div class=\"su-service-content su-u-clearfix su-u-trim\" style=\"padding-left:46px\">\n<ul style=\"text-align: left; color: #333; margin: 15px 0;\">\n<li><span style=\"font-size: 12pt;\"><a href=\"http:\/\/fortunacommunication.com\/?page_id=54\"><strong>Strategische Kommunikation<\/strong><\/a><\/span><\/li>\n<li><span style=\"font-size: 12pt;\"><a href=\"http:\/\/fortunacommunication.com\/?page_id=70\"><strong>Business English<\/strong><\/a><\/span><\/li>\n<li><span style=\"font-size: 12pt;\"><a href=\"https:\/\/fortunacommunication.com\/training\/strategic-communication-workshops\/public-speaking\/\"><strong>Vortragsrhetorik<\/strong><\/a><\/span><\/li>\n<\/ul>\n<a href=\"http:\/\/fortunacommunication.com\/?page_id=51\" class=\"su-button su-button-style-default\" style=\"color:#ffffff;background-color:#9ACD32;border-color:#7ca428;border-radius:5px\" target=\"_self\"><span style=\"color:#ffffff;padding:7px 20px;font-size:16px;line-height:24px;border-color:#b9dc70;border-radius:5px;text-shadow:none\"><i class=\"sui sui-arrow-right\" style=\"font-size:16px;color:#FFFFFF\"><\/i> Learn More<\/span><\/a>\n<\/div><\/div>\n<\/div><\/div>\n<div class=\"su-column su-column-size-1-3\"><div class=\"su-column-inner su-u-clearfix su-u-trim\">\n<div class=\"su-service\"><div class=\"su-service-title\" style=\"padding-left:46px;min-height:32px;line-height:32px\"><i class=\"sui sui-comments\" style=\"font-size:32px;color:#9ACD32\"><\/i> Coaching und Beratung<\/div><div class=\"su-service-content su-u-clearfix su-u-trim\" style=\"padding-left:46px\">\n<ul style=\"text-align: left; color: #333; margin: 15px 0;\">\n<li><a href=\"https:\/\/fortunacommunication.com\/training\/indidivual-coaching\/\"><strong>Einzelcoaching<\/strong><\/a><\/li>\n<li><a href=\"https:\/\/fortunacommunication.com\/rhetorical-coaching-and-strategic-consulting\/consulting\/\"><strong>Team Beratung<\/strong><\/a><\/li>\n<\/ul>\n<a href=\"https:\/\/fortunacommunication.com\/rhetorical-coaching-and-strategic-consulting\/\" class=\"su-button su-button-style-default\" style=\"color:#ffffff;background-color:#9ACD32;border-color:#7ca428;border-radius:5px\" target=\"_self\"><span style=\"color:#ffffff;padding:7px 20px;font-size:16px;line-height:24px;border-color:#b9dc70;border-radius:5px;text-shadow:none\"><i class=\"sui sui-arrow-right\" style=\"font-size:16px;color:#FFFFFF\"><\/i> Learn More<\/span><\/a>\n<\/div><\/div>\n<\/div><\/div>\n<div class=\"su-column su-column-size-1-3\"><div class=\"su-column-inner su-u-clearfix su-u-trim\">\n<div class=\"su-service\"><div class=\"su-service-title\" style=\"padding-left:46px;min-height:32px;line-height:32px\"><i class=\"sui sui-language\" style=\"font-size:32px;color:#9ACD32\"><\/i> Textdienstleistungen<\/div><div class=\"su-service-content su-u-clearfix su-u-trim\" style=\"padding-left:46px\">\n<ul style=\"text-align: left; color: #333; margin: 15px;\">\n<li><span style=\"font-size: 12pt;\"><a href=\"http:\/\/fortunacommunication.com\/?page_id=32\"><strong>\u00dcbersetzung<\/strong><\/a><\/span><\/li>\n<li><span style=\"font-size: 12pt;\"><a href=\"http:\/\/fortunacommunication.com\/?page_id=174\"><strong>Lektorat &amp; Korrektorat<\/strong><\/a><\/span><\/li>\n<li><span style=\"font-size: 12pt;\"><a href=\"https:\/\/fortunacommunication.com\/translation\/interpreting\/\"><strong>Dolmetschen<\/strong><\/a><\/span><\/li>\n<\/ul>\n<a href=\"https:\/\/fortunacommunication.com\/translation\/\" class=\"su-button su-button-style-default\" style=\"color:#ffffff;background-color:#9ACD32;border-color:#7ca428;border-radius:5px\" target=\"_self\"><span style=\"color:#ffffff;padding:7px 20px;font-size:16px;line-height:24px;border-color:#b9dc70;border-radius:5px;text-shadow:none\"><i class=\"sui sui-arrow-right\" style=\"font-size:16px;color:#FFFFFF\"><\/i> Learn More<\/span><\/a>\n<\/div><\/div>\n<\/div><\/div>\n<\/div>\n<p>&nbsp;<\/p>\n<p>Wir helfen Ihnen, Ihre Ziele zu erreichen. Unsere Arbeit &#8211; ob Gruppenworkshop, Einzelcoaching oder \u00dcbersetzung &#8211; ist stets individuell an die Bed\u00fcrfnisse und W\u00fcnsche unserer Kunden angepasst. Wir unterst\u00fctzen Sie, sowohl im m\u00fcndlichen als auch im schriftlichen Kontext \u00fcberzeugend und effektiv zu kommunizieren.<\/p>\n<p>Bei Fortuna Communication ist Ihre Zufriedenheit unsere h\u00f6chste Priorit\u00e4t. Klicken Sie <a href=\"https:\/\/fortunacommunication.com\/de\/about-me\/\">hier<\/a>, um mehr \u00fcber unseren Ansatz und unsere Geschichte zu erfahren, und <a href=\"https:\/\/fortunacommunication.com\/de\/references-and-projects\/\">hier<\/a>, um einen Einblick in einige unserer Projekte und Kundenmeinungen zu erhalten.","protected":false},"excerpt":{"rendered":"<p>Richtig. Gut. Reden. Fortuna Communication bietet ein breites Portfolio an Kommunikations- und Sprachdienstleistungen f\u00fcr Gesch\u00e4ftskunden, \u00f6ffentliche Einrichtungen und Privatpersonen. Unser Angebot umfasst drei Bereiche: &nbsp; Wir helfen Ihnen, Ihre Ziele zu erreichen. Unsere Arbeit &#8211; ob Gruppenworkshop, Einzelcoaching oder \u00dcbersetzung &#8211; ist stets individuell an die Bed\u00fcrfnisse und W\u00fcnsche unserer Kunden angepasst. Wir unterst\u00fctzen Sie, [&hellip;]<\/p>\n","protected":false},"author":1,"featured_media":0,"parent":0,"menu_order":0,"comment_status":"closed","ping_status":"closed","template":"","meta":{"footnotes":""},"categories":[],"tags":[],"class_list":["post-613","page","type-page","status-publish","hentry"],"_links":{"self":[{"href":"https:\/\/fortunacommunication.com\/de\/wp-json\/wp\/v2\/pages\/613","targetHints":{"allow":["GET"]}}],"collection":[{"href":"https:\/\/fortunacommunication.com\/de\/wp-json\/wp\/v2\/pages"}],"about":[{"href":"https:\/\/fortunacommunication.com\/de\/wp-json\/wp\/v2\/types\/page"}],"author":[{"embeddable":true,"href":"https:\/\/fortunacommunication.com\/de\/wp-json\/wp\/v2\/users\/1"}],"replies":[{"embeddable":true,"href":"https:\/\/fortunacommunication.com\/de\/wp-json\/wp\/v2\/comments?post=613"}],"version-history":[{"count":6,"href":"https:\/\/fortunacommunication.com\/de\/wp-json\/wp\/v2\/pages\/613\/revisions"}],"predecessor-version":[{"id":1329,"href":"https:\/\/fortunacommunication.com\/de\/wp-json\/wp\/v2\/pages\/613\/revisions\/1329"}],"wp:attachment":[{"href":"https:\/\/fortunacommunication.com\/de\/wp-json\/wp\/v2\/media?parent=613"}],"wp:term":[{"taxonomy":"category","embeddable":true,"href":"https:\/\/fortunacommunication.com\/de\/wp-json\/wp\/v2\/categories?post=613"},{"taxonomy":"post_tag","embeddable":true,"href":"https:\/\/fortunacommunication.com\/de\/wp-json\/wp\/v2\/tags?post=613"}],"curies":[{"name":"wp","href":"https:\/\/api.w.org\/{rel}","templated":true}]}}