{"id":635,"date":"2016-01-19T21:18:58","date_gmt":"2016-01-19T20:18:58","guid":{"rendered":"http:\/\/fortunacommunication.com\/?page_id=635"},"modified":"2026-01-23T15:23:58","modified_gmt":"2026-01-23T14:23:58","slug":"playground","status":"publish","type":"page","link":"https:\/\/fortunacommunication.com\/de\/playground\/","title":{"rendered":"Spielplatz"},"content":{"rendered":"<p style=\"text-align: left;\">Ich bin mit den \u00dcbersetzungen von Fortuna Communication stets h\u00f6chst zufrieden. Vor allem sch\u00e4tze ich die enge Zusammenarbeit und die M\u00f6glichkeit pers\u00f6nlche R\u00fccksprache mit dem \u00dcbersetzer bei jedem Schritt des Prozesses zu halten. So kann ich genau pr\u00fcfen, ob die \u00dcbersetzungen meine W\u00fcnsche entprechen. Hierein zeichnet sich die Arbeit von Herr Fortuna besonders aus: die pers\u00f6nliche Aufmerksamkeit und Mitarbeit stellt sicher, dass meine B\u00fccher, Artikel und Vortr\u00e4ge nicht nur akkurat \u00fcbersetzt werden, sondern auch immer den richtigen Ton treffen.<\/p>\n<p>Pr\u00e4sentationen k\u00f6nnen f\u00fcr Publikum und Sprecher gleicherma\u00dfen anstrengend sein. In diesem ein- bis zweit\u00e4gigen Workshops lernen Sie, wie Sie Ihren Vortrag lebendig und interessant gestalten, wie Sie eine Vortragssituation schaffen, in der Ihnen aufmerksam zugeh\u00f6rt wird und \u2013 vor allem \u2013 wie Sie sich dabei selbst als Redner wohlf\u00fchlen. Theoretische Basismodelle der Rhetorik werden mit praktischen \u00dcbungen zur freien Rede verkn\u00fcpft. Unsere \u00dcbungsmodule helfen Ihnen dabei, Ihre Rolle als Redner mit Stimme, K\u00f6rpersprache und fachlichem Inhalt zu f\u00fcllen. Wie bauen Sie eine schl\u00fcssige Argumentationskette auf? Wie organisieren Sie Ihre Gedanken, um maximale Wirkung zu erzielen? Wie bauen Sie rasch und souver\u00e4n eine Verbindung mit dem Publikum auf? Wie setzen Sie Medien ein? Welche Medien sind optimal f\u00fcr Ihre Inhalte?<\/p>\n<p>Unsere Pr\u00e4sentationstechnik Seminare und Workshops sind ma\u00dfgeschneidert f\u00fcr Ihre Bed\u00fcrfnisse und die Bed\u00fcrfnisse Ihres Teams. \u00dcbungsmodule fokussieren beispielsweise auf Themen wie: kraftvolle Argumentation, Vortragsorganisation, K\u00f6rpersprache, Beziehung zwischen Redner und Publikum, Strategien gegen Lampenfieber und effektiver Gebrauch von Raum und Medien. Einzelne \u00dcbungsmodule werden nach Ihren W\u00fcnschen kombiniert, um Ihre Pr\u00e4sentationsf\u00e4higkeiten optimal zu entwickeln.<\/p>\n<p>Unsere Workshops zu Pr\u00e4sentationstechniken:<\/p>\n<ul>\n<li>sind auf 5 bis 15 Teilnehmer ausgelegt.<\/li>\n<li>k\u00f6nnen auf Deutsch oder auf Englisch gehalten werden.<\/li>\n<li>enthalten \u00dcbungen, die individuell auf Ihr Berufsfeld angepasst werden.<\/li>\n<li>k\u00f6nnen als eint\u00e4giger Intensivworkshop, zweit\u00e4gige Workshops oder als regelm\u00e4\u00dfig stattfindende Seminare gebucht werden.<\/li>\n<li>finden wahlweise bei Ihnen an Ihrem Arbeitsstandort oder in Seminarr\u00e4umen in und um T\u00fcbingen statt.<\/li>\n<\/ul>\n<p>Alle unsere Module zu Pr\u00e4sentationstechniken k\u00f6nnen auch Bestandteil eines Einzelcoachings sein \u2013 <a href=\"http:\/\/fortunacommunication.com\/?page_id=165\">lesen Sie mehr.<\/a><\/p>\n<p>Bitte kontaktieren Sie uns \u00fcber das <a href=\"http:\/\/fortunacommunication.com\/?page_id=61\">Kontaktformular<\/a>. Gerne stellen wir Ihnen ein Programm zusammen \u2013 individuell an die Bed\u00fcrfnisse Ihres Teams oder Ihres Unternehmens angepasst.","protected":false},"excerpt":{"rendered":"<p>Ich bin mit den \u00dcbersetzungen von Fortuna Communication stets h\u00f6chst zufrieden. Vor allem sch\u00e4tze ich die enge Zusammenarbeit und die M\u00f6glichkeit pers\u00f6nlche R\u00fccksprache mit dem \u00dcbersetzer bei jedem Schritt des Prozesses zu halten. So kann ich genau pr\u00fcfen, ob die \u00dcbersetzungen meine W\u00fcnsche entprechen. Hierein zeichnet sich die Arbeit von Herr Fortuna besonders aus: die [&hellip;]<\/p>\n","protected":false},"author":1,"featured_media":0,"parent":0,"menu_order":0,"comment_status":"closed","ping_status":"closed","template":"","meta":{"footnotes":""},"categories":[],"tags":[],"class_list":["post-635","page","type-page","status-publish","hentry"],"_links":{"self":[{"href":"https:\/\/fortunacommunication.com\/de\/wp-json\/wp\/v2\/pages\/635","targetHints":{"allow":["GET"]}}],"collection":[{"href":"https:\/\/fortunacommunication.com\/de\/wp-json\/wp\/v2\/pages"}],"about":[{"href":"https:\/\/fortunacommunication.com\/de\/wp-json\/wp\/v2\/types\/page"}],"author":[{"embeddable":true,"href":"https:\/\/fortunacommunication.com\/de\/wp-json\/wp\/v2\/users\/1"}],"replies":[{"embeddable":true,"href":"https:\/\/fortunacommunication.com\/de\/wp-json\/wp\/v2\/comments?post=635"}],"version-history":[{"count":2,"href":"https:\/\/fortunacommunication.com\/de\/wp-json\/wp\/v2\/pages\/635\/revisions"}],"predecessor-version":[{"id":1313,"href":"https:\/\/fortunacommunication.com\/de\/wp-json\/wp\/v2\/pages\/635\/revisions\/1313"}],"wp:attachment":[{"href":"https:\/\/fortunacommunication.com\/de\/wp-json\/wp\/v2\/media?parent=635"}],"wp:term":[{"taxonomy":"category","embeddable":true,"href":"https:\/\/fortunacommunication.com\/de\/wp-json\/wp\/v2\/categories?post=635"},{"taxonomy":"post_tag","embeddable":true,"href":"https:\/\/fortunacommunication.com\/de\/wp-json\/wp\/v2\/tags?post=635"}],"curies":[{"name":"wp","href":"https:\/\/api.w.org\/{rel}","templated":true}]}}