{"id":64,"date":"2014-11-03T21:24:15","date_gmt":"2014-11-03T20:24:15","guid":{"rendered":"http:\/\/fortunacommunication.com\/?page_id=64"},"modified":"2026-01-23T15:19:24","modified_gmt":"2026-01-23T14:19:24","slug":"references-and-projects","status":"publish","type":"page","link":"https:\/\/fortunacommunication.com\/de\/references-and-projects\/","title":{"rendered":"Referenzen"},"content":{"rendered":"Seit mehr als f\u00fcnfzehn Jahren arbeiten wir erfolgreich mit zahlreichen Unternehmen und Institutionen aus Wissenschaft, Industrie und Wirtschaft zusammen. Einige Referenzen, \u00a0Kundenmeinungen und Publikationen haben wir hier f\u00fcr Sie aufgef\u00fchrt:<\/p>\n<p>&nbsp;<\/p>\n<h2>Kundenstimmen<\/h2>\n<h3><div tabindex=\"0\" class=\"cycloneslider cycloneslider-template-standard cycloneslider-width-full\" id=\"cycloneslider-testimonials-long-2\" > <div class=\"cycloneslider-slides cycle-slideshow\" data-cycle-allow-wrap=\"true\" data-cycle-dynamic-height=\"off\" data-cycle-auto-height=\"960:350\" data-cycle-auto-height-easing=\"null\" data-cycle-auto-height-speed=\"250\" data-cycle-delay=\"0\" data-cycle-easing=\"\" data-cycle-fx=\"fade\" data-cycle-hide-non-active=\"true\" data-cycle-log=\"false\" data-cycle-next=\"#cycloneslider-testimonials-long-2 .cycloneslider-next\" data-cycle-pager=\"#cycloneslider-testimonials-long-2 .cycloneslider-pager\" data-cycle-pause-on-hover=\"true\" data-cycle-prev=\"#cycloneslider-testimonials-long-2 .cycloneslider-prev\" data-cycle-slides=\"&gt; div\" data-cycle-speed=\"1000\" data-cycle-swipe=\"1\" data-cycle-tile-count=\"7\" data-cycle-tile-delay=\"100\" data-cycle-tile-vertical=\"true\" data-cycle-timeout=\"7000\" > <div class=\"cycloneslider-slide cycloneslider-slide-custom\" > <span style=\"font-size: 12pt\"><em><p style=\"text-align: left\">\"Seit \u00fcber f\u00fcnfzehn Jahren arbeiten wir mit Alan zusammen und sehen ihn als kompetenten und zuverl\u00e4ssigen Partner unserer Firma. Er unterst\u00fctzt von uns vermittelte \u00dcbersetzer bei kniffligen (sprachlichen) Fragen und ist unsere erste Empfehlung, wenn unsere Kunden \u00dcbersetzungen ins Englische ben\u00f6tigen.\"<\/p><p style=\"text-align: right\"><span style=\"font-size: 11pt\">Ute Mihr (Verlagservice Mihr GmbH; Gesch\u00e4ftsf\u00fchrerin )<\/span><\/p><\/em> <\/div> <div class=\"cycloneslider-slide cycloneslider-slide-custom\" > <span style=\"font-size: 12pt\"><em><p style=\"text-align: left\">\"Ich habe Alan vor 13 Jahren als Trainer eines Englisch Kurses kennen gelernt. Schon damals verstand er es, einen erfrischenden und abwechslungsreichen Kurs zu gestalten und hat uns Teilnehmer auf eine lehrreiche und gleichzeitig unterhaltsame Weise mit dem Business English vertraut gemacht. Er hat unsere Marketingabteilung \u00fcber Jahre hinweg unterrichtet und dabei immer wieder aktuelle und fachbezogene Themen eingebaut. Und wenn wir \u00dcbersetzungen oder Lektorate ben\u00f6tigen, k\u00f6nnen wir immer auf ihn z\u00e4hlen. Alan ist zuverl\u00e4ssig, arbeitet schnell und in h\u00f6chstem Ma\u00dfe professionell. Seit 2013 sch\u00e4tze ich auch den Einzelcoaching mit ihm sehr \u2013 er ist mir mittlerweile nicht nur ein Englisch-Lehrer, sondern auch Mentor und Sparringpartner, vor allem bei der Vorbereitung von Pr\u00e4sentationen geworden. Danke, Alan f\u00fcr die Zeit und Deine Geduld!\"<\/p><\/em><p style=\"text-align: right\"><span style=\"font-size: 11pt\">Tanja Senghas (BayWa r.e. renewable energy GmbH; Leiterin Global Brand Management)<\/p><\/span> <\/div> <div class=\"cycloneslider-slide cycloneslider-slide-custom\" > <span style=\"font-size: 12pt\"><em><p style=\"text-align: left\">\"Ich arbeite seit einigen Jahren mit Alan zusammen. Seine Wirtschaftsenglisch- und strategische Kommunikation-Seminare finden gro\u00dfen Anklang bei den Studierenden. Er ist kompetent, aufgeschlossen und sieht jedes Seminar als eine Chance, den Teilnehmern mit ihren kommunikativen M\u00f6glichkeiten zu unterst\u00fctzen. Ich w\u00fcrde seine Seminare und Workshops jeder empfehlen, der seine Englische F\u00e4higkeiten, seine rhetorische Fertigkeiten, oder beides verbessern m\u00f6chte.\"<\/p><\/em><p style=\"text-align: right\"><span style=\"font-size: 11pt\">Prof. Dr. Niamh O\u2019Mahony (ESB Business School; Studiendekanin MSc International Management und Sprachbeauftragte Wirtschaftsprachen)<\/span><\/p> <\/div> <div class=\"cycloneslider-slide cycloneslider-slide-custom\" > <p style=\"text-align: left\"><span style=\"font-size: 12pt\"><em>\"Ich bin mit den \u00dcbersetzungen von Fortuna Communication stets h\u00f6chst zufrieden. Vor allem sch\u00e4tze ich die enge Zusammenarbeit und die M\u00f6glichkeit pers\u00f6nliche R\u00fccksprache mit dem \u00dcbersetzer bei jedem Schritt des Prozesses zu halten. So kann ich genau pr\u00fcfen, ob die \u00dcbersetzungen meine W\u00fcnsche entsprechen. Hierein zeichnet sich die Arbeit von Herr Fortuna besonders aus: die pers\u00f6nliche Aufmerksamkeit und Mitarbeit stellt sicher, dass meine B\u00fccher, Artikel und Vortr\u00e4ge nicht nur akkurat \u00fcbersetzt werden, sondern auch immer einen nat\u00fcrlichen und muttersprachlichen Tonus haben.\"<\/p><\/em><p style=\"text-align: right\"><span style=\"font-size: 11pt\">Prof. Dr. Joachim Knape (Professor am Institut f\u00fcr Allgemeine Rhetorik, T\u00fcbingen; Autor \u201eModern Rhetoric in Culture, Arts, and Media\u201c)<\/p><\/span> <\/div> <\/div> <div class=\"cycloneslider-pager\"><\/div> <a href=\"#\" class=\"cycloneslider-prev\"> <span class=\"arrow\"><\/span> <\/a> <a href=\"#\" class=\"cycloneslider-next\"> <span class=\"arrow\"><\/span> <\/a> <\/div><\/h3>\n<p>&nbsp;<\/p>\n<h2>Eine Auswahl unserer gesch\u00e4tzten Kunden<\/h2>\n<div class=\"su-row\"><div class=\"su-column su-column-size-1-5\"><div class=\"su-column-inner su-u-clearfix su-u-trim\"><a href=\"http:\/\/fortunacommunication.com\/wp-content\/uploads\/2016\/02\/Trumpf.png\" rel=\"attachment wp-att-854\"><img loading=\"lazy\" decoding=\"async\" class=\"alignnone wp-image-854\" src=\"http:\/\/fortunacommunication.com\/wp-content\/uploads\/2016\/02\/Trumpf.png\" alt=\"Trumpf\" width=\"105\" height=\"105\" data-id=\"854\" srcset=\"https:\/\/fortunacommunication.com\/wp-content\/uploads\/2016\/02\/Trumpf.png 225w, https:\/\/fortunacommunication.com\/wp-content\/uploads\/2016\/02\/Trumpf-150x150.png 150w\" sizes=\"auto, (max-width: 105px) 100vw, 105px\" \/><\/a>\u00a0<a href=\"http:\/\/fortunacommunication.com\/wp-content\/uploads\/2015\/10\/Textil-und-Design.jpg\" rel=\"attachment wp-att-346\"><img loading=\"lazy\" decoding=\"async\" class=\"alignnone wp-image-346\" src=\"http:\/\/fortunacommunication.com\/wp-content\/uploads\/2015\/10\/Textil-und-Design-300x120.jpg\" alt=\"Textil und Design\" width=\"259\" height=\"103\" srcset=\"https:\/\/fortunacommunication.com\/wp-content\/uploads\/2015\/10\/Textil-und-Design-300x120.jpg 300w, https:\/\/fortunacommunication.com\/wp-content\/uploads\/2015\/10\/Textil-und-Design-285x114.jpg 285w, https:\/\/fortunacommunication.com\/wp-content\/uploads\/2015\/10\/Textil-und-Design.jpg 355w\" sizes=\"auto, (max-width: 259px) 100vw, 259px\" \/><\/a>\u00a0<a href=\"http:\/\/fortunacommunication.com\/wp-content\/uploads\/2016\/02\/netcare-2.png\" rel=\"attachment wp-att-857\"><img loading=\"lazy\" decoding=\"async\" class=\"alignnone wp-image-857\" src=\"http:\/\/fortunacommunication.com\/wp-content\/uploads\/2016\/02\/netcare-2.png\" alt=\"netcare 2\" width=\"203\" height=\"102\" data-id=\"857\" \/><\/a><\/div><\/div> <div class=\"su-column su-column-size-1-5\"><div class=\"su-column-inner su-u-clearfix su-u-trim\"><a href=\"http:\/\/fortunacommunication.com\/wp-content\/uploads\/2016\/02\/Gegruyter2.png\" rel=\"attachment wp-att-851\"><img loading=\"lazy\" decoding=\"async\" class=\"alignnone wp-image-851\" src=\"http:\/\/fortunacommunication.com\/wp-content\/uploads\/2016\/02\/Gegruyter2.png\" alt=\"Gegruyter2\" width=\"173\" height=\"93\" data-id=\"851\" srcset=\"https:\/\/fortunacommunication.com\/wp-content\/uploads\/2016\/02\/Gegruyter2.png 306w, https:\/\/fortunacommunication.com\/wp-content\/uploads\/2016\/02\/Gegruyter2-300x162.png 300w\" sizes=\"auto, (max-width: 173px) 100vw, 173px\" \/><\/a>\u00a0\u00a0<a href=\"http:\/\/fortunacommunication.com\/wp-content\/uploads\/2016\/02\/dai.png\" rel=\"attachment wp-att-861\"><img loading=\"lazy\" decoding=\"async\" class=\"alignnone wp-image-862\" src=\"http:\/\/fortunacommunication.com\/wp-content\/uploads\/2016\/02\/Museum-T\u00fcbingen.png\" alt=\"Museum T\u00fcbingen\" width=\"176\" height=\"75\" data-id=\"862\" srcset=\"https:\/\/fortunacommunication.com\/wp-content\/uploads\/2016\/02\/Museum-T\u00fcbingen.png 345w, https:\/\/fortunacommunication.com\/wp-content\/uploads\/2016\/02\/Museum-T\u00fcbingen-300x127.png 300w\" sizes=\"auto, (max-width: 176px) 100vw, 176px\" \/><\/a>\u00a0<a href=\"http:\/\/fortunacommunication.com\/wp-content\/uploads\/2016\/02\/Stadt-T\u00fcbingen.png\" rel=\"attachment wp-att-863\"><img loading=\"lazy\" decoding=\"async\" class=\"alignnone wp-image-863\" src=\"http:\/\/fortunacommunication.com\/wp-content\/uploads\/2016\/02\/Stadt-T\u00fcbingen.png\" alt=\"Stadt T\u00fcbingen\" width=\"146\" height=\"84\" data-id=\"863\" \/><\/a>\u00a0<\/div><\/div> <div class=\"su-column su-column-size-1-5\"><div class=\"su-column-inner su-u-clearfix su-u-trim\"><img loading=\"lazy\" decoding=\"async\" class=\"alignnone wp-image-855\" src=\"http:\/\/fortunacommunication.com\/wp-content\/uploads\/2016\/02\/IGM.jpg\" alt=\"IG Metall Logo, rot, JPG, 360 x 360 Pixel\" width=\"103\" height=\"103\" data-id=\"855\" \/><img loading=\"lazy\" decoding=\"async\" class=\"alignnone wp-image-445\" src=\"http:\/\/fortunacommunication.com\/wp-content\/uploads\/2014\/11\/Denkmalpflege.gif\" alt=\"Denkmalpflege\" width=\"190\" height=\"90\" \/>\u00a0<a href=\"http:\/\/fortunacommunication.com\/wp-content\/uploads\/2016\/02\/Stadt-T\u00fcbingen.png\" rel=\"attachment wp-att-863\"><img loading=\"lazy\" decoding=\"async\" class=\"alignnone wp-image-589\" src=\"http:\/\/fortunacommunication.com\/wp-content\/uploads\/2016\/01\/Theiss.jpg\" alt=\"Theiss\" width=\"169\" height=\"52\" data-id=\"589\" \/><\/a><\/div><\/div> <div class=\"su-column su-column-size-1-5\"><div class=\"su-column-inner su-u-clearfix su-u-trim\"><img loading=\"lazy\" decoding=\"async\" class=\"alignnone wp-image-349\" src=\"http:\/\/fortunacommunication.com\/wp-content\/uploads\/2015\/10\/Uni-Tuebingen.png\" alt=\"Uni Tuebingen\" width=\"189\" height=\"48\" srcset=\"https:\/\/fortunacommunication.com\/wp-content\/uploads\/2015\/10\/Uni-Tuebingen.png 444w, https:\/\/fortunacommunication.com\/wp-content\/uploads\/2015\/10\/Uni-Tuebingen-300x77.png 300w, https:\/\/fortunacommunication.com\/wp-content\/uploads\/2015\/10\/Uni-Tuebingen-380x95.png 380w, https:\/\/fortunacommunication.com\/wp-content\/uploads\/2015\/10\/Uni-Tuebingen-285x72.png 285w\" sizes=\"auto, (max-width: 189px) 100vw, 189px\" \/>\u00a0<a href=\"http:\/\/fortunacommunication.com\/wp-content\/uploads\/2016\/02\/Trump-Medical-2.png\" rel=\"attachment wp-att-853\"><img loading=\"lazy\" decoding=\"async\" class=\"alignnone wp-image-853\" src=\"http:\/\/fortunacommunication.com\/wp-content\/uploads\/2016\/02\/Trump-Medical-2.png\" alt=\"Trump Medical 2\" width=\"206\" height=\"89\" data-id=\"853\" srcset=\"https:\/\/fortunacommunication.com\/wp-content\/uploads\/2016\/02\/Trump-Medical-2.png 342w, https:\/\/fortunacommunication.com\/wp-content\/uploads\/2016\/02\/Trump-Medical-2-300x129.png 300w\" sizes=\"auto, (max-width: 206px) 100vw, 206px\" \/><\/a>\u00a0<a href=\"http:\/\/fortunacommunication.com\/wp-content\/uploads\/2016\/02\/dai.png\" rel=\"attachment wp-att-861\"><img loading=\"lazy\" decoding=\"async\" class=\"alignnone wp-image-861\" src=\"http:\/\/fortunacommunication.com\/wp-content\/uploads\/2016\/02\/dai.png\" alt=\"dai\" width=\"169\" height=\"82\" data-id=\"861\" \/><\/a>\u00a0<img loading=\"lazy\" decoding=\"async\" class=\"alignnone wp-image-339\" src=\"http:\/\/fortunacommunication.com\/wp-content\/uploads\/2015\/10\/Herder-274x72.gif\" alt=\"Herder\" width=\"283\" height=\"74\" \/><\/div><\/div> <div class=\"su-column su-column-size-1-5\"><div class=\"su-column-inner su-u-clearfix su-u-trim\"><img loading=\"lazy\" decoding=\"async\" class=\"alignnone wp-image-338\" src=\"http:\/\/fortunacommunication.com\/wp-content\/uploads\/2015\/10\/ESB.jpg\" alt=\"ESB\" width=\"169\" height=\"81\" srcset=\"https:\/\/fortunacommunication.com\/wp-content\/uploads\/2015\/10\/ESB.jpg 324w, https:\/\/fortunacommunication.com\/wp-content\/uploads\/2015\/10\/ESB-300x144.jpg 300w\" sizes=\"auto, (max-width: 169px) 100vw, 169px\" \/>\u00a0<img loading=\"lazy\" decoding=\"async\" class=\"alignnone wp-image-344\" src=\"http:\/\/fortunacommunication.com\/wp-content\/uploads\/2015\/10\/Readers-digest.jpg\" alt=\"Readers digest\" width=\"238\" height=\"80\" srcset=\"https:\/\/fortunacommunication.com\/wp-content\/uploads\/2015\/10\/Readers-digest.jpg 389w, https:\/\/fortunacommunication.com\/wp-content\/uploads\/2015\/10\/Readers-digest-300x100.jpg 300w, https:\/\/fortunacommunication.com\/wp-content\/uploads\/2015\/10\/Readers-digest-380x130.jpg 380w, https:\/\/fortunacommunication.com\/wp-content\/uploads\/2015\/10\/Readers-digest-285x95.jpg 285w\" sizes=\"auto, (max-width: 238px) 100vw, 238px\" \/><img loading=\"lazy\" decoding=\"async\" class=\"alignnone size-full wp-image-1029\" src=\"http:\/\/fortunacommunication.com\/wp-content\/uploads\/2019\/03\/Verlagservicemihr.png\" alt=\"\" width=\"94\" height=\"80\" data-id=\"1029\" \/><\/div><\/div><\/div>\n<h2><\/h2>\n<h2><\/h2>\n<h3><\/h3>","protected":false},"excerpt":{"rendered":"<p>Seit mehr als f\u00fcnfzehn Jahren arbeiten wir erfolgreich mit zahlreichen Unternehmen und Institutionen aus Wissenschaft, Industrie und Wirtschaft zusammen. Einige Referenzen, \u00a0Kundenmeinungen und Publikationen haben wir hier f\u00fcr Sie aufgef\u00fchrt: &nbsp; Kundenstimmen &nbsp; Eine Auswahl unserer gesch\u00e4tzten Kunden<\/p>\n","protected":false},"author":1,"featured_media":0,"parent":0,"menu_order":0,"comment_status":"closed","ping_status":"closed","template":"","meta":{"footnotes":""},"categories":[],"tags":[],"class_list":["post-64","page","type-page","status-publish","hentry"],"_links":{"self":[{"href":"https:\/\/fortunacommunication.com\/de\/wp-json\/wp\/v2\/pages\/64","targetHints":{"allow":["GET"]}}],"collection":[{"href":"https:\/\/fortunacommunication.com\/de\/wp-json\/wp\/v2\/pages"}],"about":[{"href":"https:\/\/fortunacommunication.com\/de\/wp-json\/wp\/v2\/types\/page"}],"author":[{"embeddable":true,"href":"https:\/\/fortunacommunication.com\/de\/wp-json\/wp\/v2\/users\/1"}],"replies":[{"embeddable":true,"href":"https:\/\/fortunacommunication.com\/de\/wp-json\/wp\/v2\/comments?post=64"}],"version-history":[{"count":2,"href":"https:\/\/fortunacommunication.com\/de\/wp-json\/wp\/v2\/pages\/64\/revisions"}],"predecessor-version":[{"id":1285,"href":"https:\/\/fortunacommunication.com\/de\/wp-json\/wp\/v2\/pages\/64\/revisions\/1285"}],"wp:attachment":[{"href":"https:\/\/fortunacommunication.com\/de\/wp-json\/wp\/v2\/media?parent=64"}],"wp:term":[{"taxonomy":"category","embeddable":true,"href":"https:\/\/fortunacommunication.com\/de\/wp-json\/wp\/v2\/categories?post=64"},{"taxonomy":"post_tag","embeddable":true,"href":"https:\/\/fortunacommunication.com\/de\/wp-json\/wp\/v2\/tags?post=64"}],"curies":[{"name":"wp","href":"https:\/\/api.w.org\/{rel}","templated":true}]}}