{"id":70,"date":"2014-11-03T21:30:19","date_gmt":"2014-11-03T20:30:19","guid":{"rendered":"http:\/\/fortunacommunication.com\/?page_id=70"},"modified":"2026-01-23T16:38:34","modified_gmt":"2026-01-23T15:38:34","slug":"english","status":"publish","type":"page","link":"https:\/\/fortunacommunication.com\/de\/training\/english\/","title":{"rendered":"Englischkurse"},"content":{"rendered":"Englischkenntnisse vertiefen und festigen mit Fortuna Communication. Mit Kursangeboten f\u00fcr Gesch\u00e4ftskunden, universit\u00e4re Einrichtungen und Privatpersonen gehen wir exakt auf Ihre individuellen F\u00e4higkeiten ein, um Sie und Ihr Team n\u00e4her an Ihre Ziele zu bringen.<\/p>\n<p>Wir bieten w\u00f6chentliche, zweiw\u00f6chentliche, oder Kompaktseminare f\u00fcr Einzelpersonen und Gruppen aller Sprachniveaus an. Erfahren Sie hier mehr \u00fcber unsere Angebote:<\/p>\n<p>&nbsp;<\/p>\n<div class=\"su-row\">\n<div class=\"su-column su-column-size-1-2\"><div class=\"su-column-inner su-u-clearfix su-u-trim\"><div class=\"su-service\"><div class=\"su-service-title\" style=\"padding-left:36px;min-height:22px;line-height:22px\"><i class=\"sui sui-briefcase\" style=\"font-size:22px;color:#9ACD32\"><\/i> Wirtschaftsenglisch<\/div><div class=\"su-service-content su-u-clearfix su-u-trim\" style=\"padding-left:36px\"><a href=\"http:\/\/fortunacommunication.com\/?page_id=73\">Lesen Sie mehr&gt;&gt;<\/a><\/div><\/div><\/div><\/div>\n<div class=\"su-column su-column-size-1-2\"><div class=\"su-column-inner su-u-clearfix su-u-trim\"><div class=\"su-service\"><div class=\"su-service-title\" style=\"padding-left:36px;min-height:22px;line-height:22px\"><i class=\"sui sui-user\" style=\"font-size:22px;color:#9ACD32\"><\/i> Privatunterricht<\/div><div class=\"su-service-content su-u-clearfix su-u-trim\" style=\"padding-left:36px\"><a href=\"http:\/\/fortunacommunication.com\/?page_id=28\">Lesen Sie mehr&gt;&gt;<\/a><\/div><\/div><\/div><\/div>\n<\/div>\n<p>&nbsp;","protected":false},"excerpt":{"rendered":"<p>Englischkenntnisse vertiefen und festigen mit Fortuna Communication. Mit Kursangeboten f\u00fcr Gesch\u00e4ftskunden, universit\u00e4re Einrichtungen und Privatpersonen gehen wir exakt auf Ihre individuellen F\u00e4higkeiten ein, um Sie und Ihr Team n\u00e4her an Ihre Ziele zu bringen. Wir bieten w\u00f6chentliche, zweiw\u00f6chentliche, oder Kompaktseminare f\u00fcr Einzelpersonen und Gruppen aller Sprachniveaus an. Erfahren Sie hier mehr \u00fcber unsere Angebote: &nbsp; [&hellip;]<\/p>\n","protected":false},"author":1,"featured_media":0,"parent":51,"menu_order":0,"comment_status":"closed","ping_status":"closed","template":"","meta":{"footnotes":""},"categories":[],"tags":[],"class_list":["post-70","page","type-page","status-publish","hentry"],"_links":{"self":[{"href":"https:\/\/fortunacommunication.com\/de\/wp-json\/wp\/v2\/pages\/70","targetHints":{"allow":["GET"]}}],"collection":[{"href":"https:\/\/fortunacommunication.com\/de\/wp-json\/wp\/v2\/pages"}],"about":[{"href":"https:\/\/fortunacommunication.com\/de\/wp-json\/wp\/v2\/types\/page"}],"author":[{"embeddable":true,"href":"https:\/\/fortunacommunication.com\/de\/wp-json\/wp\/v2\/users\/1"}],"replies":[{"embeddable":true,"href":"https:\/\/fortunacommunication.com\/de\/wp-json\/wp\/v2\/comments?post=70"}],"version-history":[{"count":4,"href":"https:\/\/fortunacommunication.com\/de\/wp-json\/wp\/v2\/pages\/70\/revisions"}],"predecessor-version":[{"id":1333,"href":"https:\/\/fortunacommunication.com\/de\/wp-json\/wp\/v2\/pages\/70\/revisions\/1333"}],"up":[{"embeddable":true,"href":"https:\/\/fortunacommunication.com\/de\/wp-json\/wp\/v2\/pages\/51"}],"wp:attachment":[{"href":"https:\/\/fortunacommunication.com\/de\/wp-json\/wp\/v2\/media?parent=70"}],"wp:term":[{"taxonomy":"category","embeddable":true,"href":"https:\/\/fortunacommunication.com\/de\/wp-json\/wp\/v2\/categories?post=70"},{"taxonomy":"post_tag","embeddable":true,"href":"https:\/\/fortunacommunication.com\/de\/wp-json\/wp\/v2\/tags?post=70"}],"curies":[{"name":"wp","href":"https:\/\/api.w.org\/{rel}","templated":true}]}}