{"id":73,"date":"2014-11-03T21:31:12","date_gmt":"2014-11-03T21:31:12","guid":{"rendered":"http:\/\/fortunacommunication.com\/?page_id=73"},"modified":"2017-06-27T13:35:50","modified_gmt":"2017-06-27T12:35:50","slug":"business-english","status":"publish","type":"page","link":"https:\/\/fortunacommunication.com\/de\/training\/english\/business-english\/","title":{"rendered":"Business Englisch"},"content":{"rendered":"Auf dem globalen Markt wird in Besprechungen, Vortr\u00e4gen und in der Alltagskorrespondenz h\u00e4ufig Englisch gesprochen. Gute Englischkenntnisse \u2013 aktiv wie passiv \u2013 sind deshalb die Voraussetzung f\u00fcr Ihren Erfolg.<\/p>\n<p>Sie m\u00f6chten gemeinsam mit Kollegen Ihre Englischkenntnisse verbessern? Kommunizieren Sie h\u00e4ufig mit englischsprachigen Kunden oder Kollegen? Erfordert Ihre Arbeit einen industrie-spezifischen Wortschatz? Mit passgenauen Kurskonzepten, die auf Ihre Anspr\u00fcche zugeschnitten sind, helfen wir Ihnen gerne weiter.<\/p>\n<p>Alle unsere Kurse enthalten praxisbezogene \u00dcbungen, um Ihre Sprachkompetenzen zu vertiefen und zu festigen, damit Sie effektiv und selbstbewusst auf Englisch agieren und reagieren k\u00f6nnen.<\/p>\n<p>Bitte kontaktieren Sie uns \u00fcber das <a href=\"http:\/\/fortunacommunication.com\/?page_id=61\">Kontaktformular<\/a>. Wir stellen Ihnen gerne ein pers\u00f6nliches Kursangebot zusammen.<\/p>\n<p>&nbsp;","protected":false},"excerpt":{"rendered":"<p>Auf dem globalen Markt wird in Besprechungen, Vortr\u00e4gen und in der Alltagskorrespondenz h\u00e4ufig Englisch gesprochen. Gute Englischkenntnisse \u2013 aktiv wie passiv \u2013 sind deshalb die Voraussetzung f\u00fcr Ihren Erfolg. Sie m\u00f6chten gemeinsam mit Kollegen Ihre Englischkenntnisse verbessern? Kommunizieren Sie h\u00e4ufig mit englischsprachigen Kunden oder Kollegen? Erfordert Ihre Arbeit einen industrie-spezifischen Wortschatz? Mit passgenauen Kurskonzepten, die [&hellip;]<\/p>\n","protected":false},"author":1,"featured_media":0,"parent":70,"menu_order":0,"comment_status":"closed","ping_status":"closed","template":"","meta":{"footnotes":""},"categories":[],"tags":[],"class_list":["post-73","page","type-page","status-publish","hentry"],"_links":{"self":[{"href":"https:\/\/fortunacommunication.com\/de\/wp-json\/wp\/v2\/pages\/73","targetHints":{"allow":["GET"]}}],"collection":[{"href":"https:\/\/fortunacommunication.com\/de\/wp-json\/wp\/v2\/pages"}],"about":[{"href":"https:\/\/fortunacommunication.com\/de\/wp-json\/wp\/v2\/types\/page"}],"author":[{"embeddable":true,"href":"https:\/\/fortunacommunication.com\/de\/wp-json\/wp\/v2\/users\/1"}],"replies":[{"embeddable":true,"href":"https:\/\/fortunacommunication.com\/de\/wp-json\/wp\/v2\/comments?post=73"}],"version-history":[{"count":0,"href":"https:\/\/fortunacommunication.com\/de\/wp-json\/wp\/v2\/pages\/73\/revisions"}],"up":[{"embeddable":true,"href":"https:\/\/fortunacommunication.com\/de\/wp-json\/wp\/v2\/pages\/70"}],"wp:attachment":[{"href":"https:\/\/fortunacommunication.com\/de\/wp-json\/wp\/v2\/media?parent=73"}],"wp:term":[{"taxonomy":"category","embeddable":true,"href":"https:\/\/fortunacommunication.com\/de\/wp-json\/wp\/v2\/categories?post=73"},{"taxonomy":"post_tag","embeddable":true,"href":"https:\/\/fortunacommunication.com\/de\/wp-json\/wp\/v2\/tags?post=73"}],"curies":[{"name":"wp","href":"https:\/\/api.w.org\/{rel}","templated":true}]}}